{"id":2825,"date":"2022-10-02T21:42:26","date_gmt":"2022-10-02T21:42:26","guid":{"rendered":"https:\/\/m.meridianenglish.com\/7-9-rokov\/"},"modified":"2024-05-10T09:19:42","modified_gmt":"2024-05-10T09:19:42","slug":"7-9-rokov","status":"publish","type":"page","link":"https:\/\/www.meridianenglish.com\/sk\/7-9-rokov\/","title":{"rendered":"Kurzy Angli\u010dtiny pre deti od 7\u20139 rokov"},"content":{"rendered":"","protected":false},"excerpt":{"rendered":"","protected":false},"author":1,"featured_media":0,"parent":0,"menu_order":0,"comment_status":"closed","ping_status":"closed","template":"course7-9.php","meta":{"_acf_changed":false,"footnotes":""},"categories":[161],"class_list":["post-2825","page","type-page","status-publish","hentry","category-samozrejme"],"acf":[],"yoast_head":"<!-- This site is optimized with the Yoast SEO plugin v27.3 - https:\/\/yoast.com\/product\/yoast-seo-wordpress\/ -->\n<title>Online lekcie angli\u010dtiny pre deti vo veku 7-9 rokov<\/title>\n<meta name=\"description\" content=\"Deti si roz\u0161\u00edria svoju anglick\u00fa slovn\u00fa z\u00e1sobu a precvi\u010dia komunika\u010dn\u00e9 zru\u010dnosti v z\u00e1bavnej a p\u00fatavej online v\u00fdu\u010dbe.\" \/>\n<meta name=\"robots\" content=\"index, follow, max-snippet:-1, max-image-preview:large, max-video-preview:-1\" \/>\n<link rel=\"canonical\" href=\"https:\/\/www.meridianenglish.com\/sk\/7-9-rokov\/\" \/>\n<meta property=\"og:locale\" content=\"sk_SK\" \/>\n<meta property=\"og:type\" content=\"article\" \/>\n<meta property=\"og:title\" content=\"Online lekcie angli\u010dtiny pre deti vo veku 7-9 rokov\" \/>\n<meta property=\"og:description\" content=\"Deti si roz\u0161\u00edria svoju anglick\u00fa slovn\u00fa z\u00e1sobu a precvi\u010dia komunika\u010dn\u00e9 zru\u010dnosti v z\u00e1bavnej a p\u00fatavej online v\u00fdu\u010dbe.\" \/>\n<meta property=\"og:url\" content=\"https:\/\/www.meridianenglish.com\/sk\/7-9-rokov\/\" \/>\n<meta property=\"og:site_name\" content=\"Meridian English\" \/>\n<meta property=\"article:publisher\" content=\"https:\/\/www.facebook.com\/meridianenglishschool\" \/>\n<meta property=\"article:modified_time\" content=\"2024-05-10T09:19:42+00:00\" \/>\n<meta name=\"twitter:card\" content=\"summary_large_image\" \/>\n<script type=\"application\/ld+json\" class=\"yoast-schema-graph\">{\"@context\":\"https:\\\/\\\/schema.org\",\"@graph\":[{\"@type\":\"WebPage\",\"@id\":\"https:\\\/\\\/www.meridianenglish.com\\\/sk\\\/7-9-rokov\\\/\",\"url\":\"https:\\\/\\\/www.meridianenglish.com\\\/sk\\\/7-9-rokov\\\/\",\"name\":\"Online lekcie angli\u010dtiny pre deti vo veku 7-9 rokov\",\"isPartOf\":{\"@id\":\"https:\\\/\\\/www.meridianenglish.com\\\/sk\\\/#website\"},\"datePublished\":\"2022-10-02T21:42:26+00:00\",\"dateModified\":\"2024-05-10T09:19:42+00:00\",\"description\":\"Deti si roz\u0161\u00edria svoju anglick\u00fa slovn\u00fa z\u00e1sobu a precvi\u010dia komunika\u010dn\u00e9 zru\u010dnosti v z\u00e1bavnej a p\u00fatavej online v\u00fdu\u010dbe.\",\"breadcrumb\":{\"@id\":\"https:\\\/\\\/www.meridianenglish.com\\\/sk\\\/7-9-rokov\\\/#breadcrumb\"},\"inLanguage\":\"sk-SK\",\"potentialAction\":[{\"@type\":\"ReadAction\",\"target\":[\"https:\\\/\\\/www.meridianenglish.com\\\/sk\\\/7-9-rokov\\\/\"]}]},{\"@type\":\"BreadcrumbList\",\"@id\":\"https:\\\/\\\/www.meridianenglish.com\\\/sk\\\/7-9-rokov\\\/#breadcrumb\",\"itemListElement\":[{\"@type\":\"ListItem\",\"position\":1,\"name\":\"Home\",\"item\":\"https:\\\/\\\/www.meridianenglish.com\\\/sk\\\/\"},{\"@type\":\"ListItem\",\"position\":2,\"name\":\"Kurzy Angli\u010dtiny pre deti od 7\u20139 rokov\"}]},{\"@type\":\"WebSite\",\"@id\":\"https:\\\/\\\/www.meridianenglish.com\\\/sk\\\/#website\",\"url\":\"https:\\\/\\\/www.meridianenglish.com\\\/sk\\\/\",\"name\":\"Meridian English\",\"description\":\"Online English courses for kids aged 5-13\",\"publisher\":{\"@id\":\"https:\\\/\\\/www.meridianenglish.com\\\/sk\\\/#organization\"},\"potentialAction\":[{\"@type\":\"SearchAction\",\"target\":{\"@type\":\"EntryPoint\",\"urlTemplate\":\"https:\\\/\\\/www.meridianenglish.com\\\/sk\\\/?s={search_term_string}\"},\"query-input\":{\"@type\":\"PropertyValueSpecification\",\"valueRequired\":true,\"valueName\":\"search_term_string\"}}],\"inLanguage\":\"sk-SK\"},{\"@type\":\"Organization\",\"@id\":\"https:\\\/\\\/www.meridianenglish.com\\\/sk\\\/#organization\",\"name\":\"Meridian School of English\",\"url\":\"https:\\\/\\\/www.meridianenglish.com\\\/sk\\\/\",\"logo\":{\"@type\":\"ImageObject\",\"inLanguage\":\"sk-SK\",\"@id\":\"https:\\\/\\\/www.meridianenglish.com\\\/sk\\\/#\\\/schema\\\/logo\\\/image\\\/\",\"url\":\"https:\\\/\\\/www.meridianenglish.com\\\/wp-content\\\/uploads\\\/2024\\\/06\\\/Website-logo.svg\",\"contentUrl\":\"https:\\\/\\\/www.meridianenglish.com\\\/wp-content\\\/uploads\\\/2024\\\/06\\\/Website-logo.svg\",\"caption\":\"Meridian School of English\"},\"image\":{\"@id\":\"https:\\\/\\\/www.meridianenglish.com\\\/sk\\\/#\\\/schema\\\/logo\\\/image\\\/\"},\"sameAs\":[\"https:\\\/\\\/www.facebook.com\\\/meridianenglishschool\",\"https:\\\/\\\/www.instagram.com\\\/meridianenglish\\\/\"]}]}<\/script>\n<!-- \/ Yoast SEO plugin. -->","yoast_head_json":{"title":"Online lekcie angli\u010dtiny pre deti vo veku 7-9 rokov","description":"Deti si roz\u0161\u00edria svoju anglick\u00fa slovn\u00fa z\u00e1sobu a precvi\u010dia komunika\u010dn\u00e9 zru\u010dnosti v z\u00e1bavnej a p\u00fatavej online v\u00fdu\u010dbe.","robots":{"index":"index","follow":"follow","max-snippet":"max-snippet:-1","max-image-preview":"max-image-preview:large","max-video-preview":"max-video-preview:-1"},"canonical":"https:\/\/www.meridianenglish.com\/sk\/7-9-rokov\/","og_locale":"sk_SK","og_type":"article","og_title":"Online lekcie angli\u010dtiny pre deti vo veku 7-9 rokov","og_description":"Deti si roz\u0161\u00edria svoju anglick\u00fa slovn\u00fa z\u00e1sobu a precvi\u010dia komunika\u010dn\u00e9 zru\u010dnosti v z\u00e1bavnej a p\u00fatavej online v\u00fdu\u010dbe.","og_url":"https:\/\/www.meridianenglish.com\/sk\/7-9-rokov\/","og_site_name":"Meridian English","article_publisher":"https:\/\/www.facebook.com\/meridianenglishschool","article_modified_time":"2024-05-10T09:19:42+00:00","twitter_card":"summary_large_image","schema":{"@context":"https:\/\/schema.org","@graph":[{"@type":"WebPage","@id":"https:\/\/www.meridianenglish.com\/sk\/7-9-rokov\/","url":"https:\/\/www.meridianenglish.com\/sk\/7-9-rokov\/","name":"Online lekcie angli\u010dtiny pre deti vo veku 7-9 rokov","isPartOf":{"@id":"https:\/\/www.meridianenglish.com\/sk\/#website"},"datePublished":"2022-10-02T21:42:26+00:00","dateModified":"2024-05-10T09:19:42+00:00","description":"Deti si roz\u0161\u00edria svoju anglick\u00fa slovn\u00fa z\u00e1sobu a precvi\u010dia komunika\u010dn\u00e9 zru\u010dnosti v z\u00e1bavnej a p\u00fatavej online v\u00fdu\u010dbe.","breadcrumb":{"@id":"https:\/\/www.meridianenglish.com\/sk\/7-9-rokov\/#breadcrumb"},"inLanguage":"sk-SK","potentialAction":[{"@type":"ReadAction","target":["https:\/\/www.meridianenglish.com\/sk\/7-9-rokov\/"]}]},{"@type":"BreadcrumbList","@id":"https:\/\/www.meridianenglish.com\/sk\/7-9-rokov\/#breadcrumb","itemListElement":[{"@type":"ListItem","position":1,"name":"Home","item":"https:\/\/www.meridianenglish.com\/sk\/"},{"@type":"ListItem","position":2,"name":"Kurzy Angli\u010dtiny pre deti od 7\u20139 rokov"}]},{"@type":"WebSite","@id":"https:\/\/www.meridianenglish.com\/sk\/#website","url":"https:\/\/www.meridianenglish.com\/sk\/","name":"Meridian English","description":"Online English courses for kids aged 5-13","publisher":{"@id":"https:\/\/www.meridianenglish.com\/sk\/#organization"},"potentialAction":[{"@type":"SearchAction","target":{"@type":"EntryPoint","urlTemplate":"https:\/\/www.meridianenglish.com\/sk\/?s={search_term_string}"},"query-input":{"@type":"PropertyValueSpecification","valueRequired":true,"valueName":"search_term_string"}}],"inLanguage":"sk-SK"},{"@type":"Organization","@id":"https:\/\/www.meridianenglish.com\/sk\/#organization","name":"Meridian School of English","url":"https:\/\/www.meridianenglish.com\/sk\/","logo":{"@type":"ImageObject","inLanguage":"sk-SK","@id":"https:\/\/www.meridianenglish.com\/sk\/#\/schema\/logo\/image\/","url":"https:\/\/www.meridianenglish.com\/wp-content\/uploads\/2024\/06\/Website-logo.svg","contentUrl":"https:\/\/www.meridianenglish.com\/wp-content\/uploads\/2024\/06\/Website-logo.svg","caption":"Meridian School of English"},"image":{"@id":"https:\/\/www.meridianenglish.com\/sk\/#\/schema\/logo\/image\/"},"sameAs":["https:\/\/www.facebook.com\/meridianenglishschool","https:\/\/www.instagram.com\/meridianenglish\/"]}]}},"_links":{"self":[{"href":"https:\/\/www.meridianenglish.com\/sk\/wp-json\/wp\/v2\/pages\/2825","targetHints":{"allow":["GET"]}}],"collection":[{"href":"https:\/\/www.meridianenglish.com\/sk\/wp-json\/wp\/v2\/pages"}],"about":[{"href":"https:\/\/www.meridianenglish.com\/sk\/wp-json\/wp\/v2\/types\/page"}],"author":[{"embeddable":true,"href":"https:\/\/www.meridianenglish.com\/sk\/wp-json\/wp\/v2\/users\/1"}],"replies":[{"embeddable":true,"href":"https:\/\/www.meridianenglish.com\/sk\/wp-json\/wp\/v2\/comments?post=2825"}],"version-history":[{"count":11,"href":"https:\/\/www.meridianenglish.com\/sk\/wp-json\/wp\/v2\/pages\/2825\/revisions"}],"predecessor-version":[{"id":15175,"href":"https:\/\/www.meridianenglish.com\/sk\/wp-json\/wp\/v2\/pages\/2825\/revisions\/15175"}],"wp:attachment":[{"href":"https:\/\/www.meridianenglish.com\/sk\/wp-json\/wp\/v2\/media?parent=2825"}],"wp:term":[{"taxonomy":"category","embeddable":true,"href":"https:\/\/www.meridianenglish.com\/sk\/wp-json\/wp\/v2\/categories?post=2825"}],"curies":[{"name":"wp","href":"https:\/\/api.w.org\/{rel}","templated":true}]}}