{"id":2822,"date":"2022-10-02T17:27:44","date_gmt":"2022-10-02T17:27:44","guid":{"rendered":"https:\/\/m.meridianenglish.com\/10-12-rokov\/"},"modified":"2024-06-17T10:42:55","modified_gmt":"2024-06-17T10:42:55","slug":"10-13-rokov","status":"publish","type":"page","link":"https:\/\/www.meridianenglish.com\/sk\/10-13-rokov\/","title":{"rendered":"10\u201313 rokov. Kurzy Angli\u010dtiny pre deti od 10-13 rokov a ich obsah"},"content":{"rendered":"","protected":false},"excerpt":{"rendered":"","protected":false},"author":1,"featured_media":0,"parent":0,"menu_order":0,"comment_status":"closed","ping_status":"closed","template":"course10-13.php","meta":{"_acf_changed":false,"footnotes":""},"categories":[161],"class_list":["post-2822","page","type-page","status-publish","hentry","category-samozrejme"],"acf":[],"yoast_head":"<!-- This site is optimized with the Yoast SEO plugin v27.3 - https:\/\/yoast.com\/product\/yoast-seo-wordpress\/ -->\n<title>Online angli\u010dtina pre deti vo veku 10-13 rokov<\/title>\n<meta name=\"description\" content=\"Tento kurz angli\u010dtiny je ur\u010den\u00fd pre deti v ranom \u0161kolskom veku. Zameriavame sa na plynul\u00fa konverz\u00e1ciu a rozvoj zru\u010dnost\u00ed \u010d\u00edtania a po\u010d\u00favania.\" \/>\n<meta name=\"robots\" content=\"index, follow, max-snippet:-1, max-image-preview:large, max-video-preview:-1\" \/>\n<link rel=\"canonical\" href=\"https:\/\/www.meridianenglish.com\/sk\/10-13-rokov\/\" \/>\n<meta property=\"og:locale\" content=\"sk_SK\" \/>\n<meta property=\"og:type\" content=\"article\" \/>\n<meta property=\"og:title\" content=\"Online angli\u010dtina pre deti vo veku 10-13 rokov\" \/>\n<meta property=\"og:description\" content=\"Tento kurz angli\u010dtiny je ur\u010den\u00fd pre deti v ranom \u0161kolskom veku. Zameriavame sa na plynul\u00fa konverz\u00e1ciu a rozvoj zru\u010dnost\u00ed \u010d\u00edtania a po\u010d\u00favania.\" \/>\n<meta property=\"og:url\" content=\"https:\/\/www.meridianenglish.com\/sk\/10-13-rokov\/\" \/>\n<meta property=\"og:site_name\" content=\"Meridian English\" \/>\n<meta property=\"article:publisher\" content=\"https:\/\/www.facebook.com\/meridianenglishschool\" \/>\n<meta property=\"article:modified_time\" content=\"2024-06-17T10:42:55+00:00\" \/>\n<meta name=\"twitter:card\" content=\"summary_large_image\" \/>\n<script type=\"application\/ld+json\" class=\"yoast-schema-graph\">{\"@context\":\"https:\\\/\\\/schema.org\",\"@graph\":[{\"@type\":\"WebPage\",\"@id\":\"https:\\\/\\\/www.meridianenglish.com\\\/sk\\\/10-13-rokov\\\/\",\"url\":\"https:\\\/\\\/www.meridianenglish.com\\\/sk\\\/10-13-rokov\\\/\",\"name\":\"Online angli\u010dtina pre deti vo veku 10-13 rokov\",\"isPartOf\":{\"@id\":\"https:\\\/\\\/www.meridianenglish.com\\\/sk\\\/#website\"},\"datePublished\":\"2022-10-02T17:27:44+00:00\",\"dateModified\":\"2024-06-17T10:42:55+00:00\",\"description\":\"Tento kurz angli\u010dtiny je ur\u010den\u00fd pre deti v ranom \u0161kolskom veku. Zameriavame sa na plynul\u00fa konverz\u00e1ciu a rozvoj zru\u010dnost\u00ed \u010d\u00edtania a po\u010d\u00favania.\",\"breadcrumb\":{\"@id\":\"https:\\\/\\\/www.meridianenglish.com\\\/sk\\\/10-13-rokov\\\/#breadcrumb\"},\"inLanguage\":\"sk-SK\",\"potentialAction\":[{\"@type\":\"ReadAction\",\"target\":[\"https:\\\/\\\/www.meridianenglish.com\\\/sk\\\/10-13-rokov\\\/\"]}]},{\"@type\":\"BreadcrumbList\",\"@id\":\"https:\\\/\\\/www.meridianenglish.com\\\/sk\\\/10-13-rokov\\\/#breadcrumb\",\"itemListElement\":[{\"@type\":\"ListItem\",\"position\":1,\"name\":\"Home\",\"item\":\"https:\\\/\\\/www.meridianenglish.com\\\/sk\\\/\"},{\"@type\":\"ListItem\",\"position\":2,\"name\":\"10\u201313 rokov. Kurzy Angli\u010dtiny pre deti od 10-13 rokov a ich obsah\"}]},{\"@type\":\"WebSite\",\"@id\":\"https:\\\/\\\/www.meridianenglish.com\\\/sk\\\/#website\",\"url\":\"https:\\\/\\\/www.meridianenglish.com\\\/sk\\\/\",\"name\":\"Meridian English\",\"description\":\"Online English courses for kids aged 5-13\",\"publisher\":{\"@id\":\"https:\\\/\\\/www.meridianenglish.com\\\/sk\\\/#organization\"},\"potentialAction\":[{\"@type\":\"SearchAction\",\"target\":{\"@type\":\"EntryPoint\",\"urlTemplate\":\"https:\\\/\\\/www.meridianenglish.com\\\/sk\\\/?s={search_term_string}\"},\"query-input\":{\"@type\":\"PropertyValueSpecification\",\"valueRequired\":true,\"valueName\":\"search_term_string\"}}],\"inLanguage\":\"sk-SK\"},{\"@type\":\"Organization\",\"@id\":\"https:\\\/\\\/www.meridianenglish.com\\\/sk\\\/#organization\",\"name\":\"Meridian School of English\",\"url\":\"https:\\\/\\\/www.meridianenglish.com\\\/sk\\\/\",\"logo\":{\"@type\":\"ImageObject\",\"inLanguage\":\"sk-SK\",\"@id\":\"https:\\\/\\\/www.meridianenglish.com\\\/sk\\\/#\\\/schema\\\/logo\\\/image\\\/\",\"url\":\"https:\\\/\\\/www.meridianenglish.com\\\/wp-content\\\/uploads\\\/2024\\\/06\\\/Website-logo.svg\",\"contentUrl\":\"https:\\\/\\\/www.meridianenglish.com\\\/wp-content\\\/uploads\\\/2024\\\/06\\\/Website-logo.svg\",\"caption\":\"Meridian School of English\"},\"image\":{\"@id\":\"https:\\\/\\\/www.meridianenglish.com\\\/sk\\\/#\\\/schema\\\/logo\\\/image\\\/\"},\"sameAs\":[\"https:\\\/\\\/www.facebook.com\\\/meridianenglishschool\",\"https:\\\/\\\/www.instagram.com\\\/meridianenglish\\\/\"]}]}<\/script>\n<!-- \/ Yoast SEO plugin. -->","yoast_head_json":{"title":"Online angli\u010dtina pre deti vo veku 10-13 rokov","description":"Tento kurz angli\u010dtiny je ur\u010den\u00fd pre deti v ranom \u0161kolskom veku. Zameriavame sa na plynul\u00fa konverz\u00e1ciu a rozvoj zru\u010dnost\u00ed \u010d\u00edtania a po\u010d\u00favania.","robots":{"index":"index","follow":"follow","max-snippet":"max-snippet:-1","max-image-preview":"max-image-preview:large","max-video-preview":"max-video-preview:-1"},"canonical":"https:\/\/www.meridianenglish.com\/sk\/10-13-rokov\/","og_locale":"sk_SK","og_type":"article","og_title":"Online angli\u010dtina pre deti vo veku 10-13 rokov","og_description":"Tento kurz angli\u010dtiny je ur\u010den\u00fd pre deti v ranom \u0161kolskom veku. Zameriavame sa na plynul\u00fa konverz\u00e1ciu a rozvoj zru\u010dnost\u00ed \u010d\u00edtania a po\u010d\u00favania.","og_url":"https:\/\/www.meridianenglish.com\/sk\/10-13-rokov\/","og_site_name":"Meridian English","article_publisher":"https:\/\/www.facebook.com\/meridianenglishschool","article_modified_time":"2024-06-17T10:42:55+00:00","twitter_card":"summary_large_image","schema":{"@context":"https:\/\/schema.org","@graph":[{"@type":"WebPage","@id":"https:\/\/www.meridianenglish.com\/sk\/10-13-rokov\/","url":"https:\/\/www.meridianenglish.com\/sk\/10-13-rokov\/","name":"Online angli\u010dtina pre deti vo veku 10-13 rokov","isPartOf":{"@id":"https:\/\/www.meridianenglish.com\/sk\/#website"},"datePublished":"2022-10-02T17:27:44+00:00","dateModified":"2024-06-17T10:42:55+00:00","description":"Tento kurz angli\u010dtiny je ur\u010den\u00fd pre deti v ranom \u0161kolskom veku. Zameriavame sa na plynul\u00fa konverz\u00e1ciu a rozvoj zru\u010dnost\u00ed \u010d\u00edtania a po\u010d\u00favania.","breadcrumb":{"@id":"https:\/\/www.meridianenglish.com\/sk\/10-13-rokov\/#breadcrumb"},"inLanguage":"sk-SK","potentialAction":[{"@type":"ReadAction","target":["https:\/\/www.meridianenglish.com\/sk\/10-13-rokov\/"]}]},{"@type":"BreadcrumbList","@id":"https:\/\/www.meridianenglish.com\/sk\/10-13-rokov\/#breadcrumb","itemListElement":[{"@type":"ListItem","position":1,"name":"Home","item":"https:\/\/www.meridianenglish.com\/sk\/"},{"@type":"ListItem","position":2,"name":"10\u201313 rokov. Kurzy Angli\u010dtiny pre deti od 10-13 rokov a ich obsah"}]},{"@type":"WebSite","@id":"https:\/\/www.meridianenglish.com\/sk\/#website","url":"https:\/\/www.meridianenglish.com\/sk\/","name":"Meridian English","description":"Online English courses for kids aged 5-13","publisher":{"@id":"https:\/\/www.meridianenglish.com\/sk\/#organization"},"potentialAction":[{"@type":"SearchAction","target":{"@type":"EntryPoint","urlTemplate":"https:\/\/www.meridianenglish.com\/sk\/?s={search_term_string}"},"query-input":{"@type":"PropertyValueSpecification","valueRequired":true,"valueName":"search_term_string"}}],"inLanguage":"sk-SK"},{"@type":"Organization","@id":"https:\/\/www.meridianenglish.com\/sk\/#organization","name":"Meridian School of English","url":"https:\/\/www.meridianenglish.com\/sk\/","logo":{"@type":"ImageObject","inLanguage":"sk-SK","@id":"https:\/\/www.meridianenglish.com\/sk\/#\/schema\/logo\/image\/","url":"https:\/\/www.meridianenglish.com\/wp-content\/uploads\/2024\/06\/Website-logo.svg","contentUrl":"https:\/\/www.meridianenglish.com\/wp-content\/uploads\/2024\/06\/Website-logo.svg","caption":"Meridian School of English"},"image":{"@id":"https:\/\/www.meridianenglish.com\/sk\/#\/schema\/logo\/image\/"},"sameAs":["https:\/\/www.facebook.com\/meridianenglishschool","https:\/\/www.instagram.com\/meridianenglish\/"]}]}},"_links":{"self":[{"href":"https:\/\/www.meridianenglish.com\/sk\/wp-json\/wp\/v2\/pages\/2822","targetHints":{"allow":["GET"]}}],"collection":[{"href":"https:\/\/www.meridianenglish.com\/sk\/wp-json\/wp\/v2\/pages"}],"about":[{"href":"https:\/\/www.meridianenglish.com\/sk\/wp-json\/wp\/v2\/types\/page"}],"author":[{"embeddable":true,"href":"https:\/\/www.meridianenglish.com\/sk\/wp-json\/wp\/v2\/users\/1"}],"replies":[{"embeddable":true,"href":"https:\/\/www.meridianenglish.com\/sk\/wp-json\/wp\/v2\/comments?post=2822"}],"version-history":[{"count":16,"href":"https:\/\/www.meridianenglish.com\/sk\/wp-json\/wp\/v2\/pages\/2822\/revisions"}],"predecessor-version":[{"id":15176,"href":"https:\/\/www.meridianenglish.com\/sk\/wp-json\/wp\/v2\/pages\/2822\/revisions\/15176"}],"wp:attachment":[{"href":"https:\/\/www.meridianenglish.com\/sk\/wp-json\/wp\/v2\/media?parent=2822"}],"wp:term":[{"taxonomy":"category","embeddable":true,"href":"https:\/\/www.meridianenglish.com\/sk\/wp-json\/wp\/v2\/categories?post=2822"}],"curies":[{"name":"wp","href":"https:\/\/api.w.org\/{rel}","templated":true}]}}