{"id":2334,"date":"2022-10-16T19:49:30","date_gmt":"2022-10-16T19:49:30","guid":{"rendered":"https:\/\/m.meridianenglish.com\/skontaktuj-sie-z-nami\/"},"modified":"2024-11-12T12:52:22","modified_gmt":"2024-11-12T12:52:22","slug":"skontaktuj-sie-z-nami","status":"publish","type":"page","link":"https:\/\/www.meridianenglish.com\/pl\/skontaktuj-sie-z-nami\/","title":{"rendered":"Skontaktuj si\u0119 z nami"},"content":{"rendered":"","protected":false},"excerpt":{"rendered":"","protected":false},"author":1,"featured_media":0,"parent":0,"menu_order":0,"comment_status":"closed","ping_status":"closed","template":"contact.php","meta":{"_acf_changed":false,"footnotes":""},"categories":[],"class_list":["post-2334","page","type-page","status-publish","hentry"],"acf":[],"yoast_head":"<!-- This site is optimized with the Yoast SEO plugin v27.3 - https:\/\/yoast.com\/product\/yoast-seo-wordpress\/ -->\n<title>Skontaktuj si\u0119 z nami - Meridian English<\/title>\n<meta name=\"description\" content=\"Skontaktuj si\u0119 z Meridian School of English, aby dowiedzie\u0107 si\u0119 wi\u0119cej o naszych akredytowanych przez British Council kursach j\u0119zyka angielskiego online dla dzieci.\" \/>\n<meta name=\"robots\" content=\"index, follow, max-snippet:-1, max-image-preview:large, max-video-preview:-1\" \/>\n<link rel=\"canonical\" href=\"https:\/\/www.meridianenglish.com\/pl\/skontaktuj-sie-z-nami\/\" \/>\n<meta property=\"og:locale\" content=\"pl_PL\" \/>\n<meta property=\"og:type\" content=\"article\" \/>\n<meta property=\"og:title\" content=\"Skontaktuj si\u0119 z nami - Meridian English\" \/>\n<meta property=\"og:description\" content=\"Skontaktuj si\u0119 z Meridian School of English, aby dowiedzie\u0107 si\u0119 wi\u0119cej o naszych akredytowanych przez British Council kursach j\u0119zyka angielskiego online dla dzieci.\" \/>\n<meta property=\"og:url\" content=\"https:\/\/www.meridianenglish.com\/pl\/skontaktuj-sie-z-nami\/\" \/>\n<meta property=\"og:site_name\" content=\"Meridian English\" \/>\n<meta property=\"article:publisher\" content=\"https:\/\/www.facebook.com\/meridianenglishschool\" \/>\n<meta property=\"article:modified_time\" content=\"2024-11-12T12:52:22+00:00\" \/>\n<meta name=\"twitter:card\" content=\"summary_large_image\" \/>\n<script type=\"application\/ld+json\" class=\"yoast-schema-graph\">{\"@context\":\"https:\\\/\\\/schema.org\",\"@graph\":[{\"@type\":\"WebPage\",\"@id\":\"https:\\\/\\\/www.meridianenglish.com\\\/pl\\\/skontaktuj-sie-z-nami\\\/\",\"url\":\"https:\\\/\\\/www.meridianenglish.com\\\/pl\\\/skontaktuj-sie-z-nami\\\/\",\"name\":\"Skontaktuj si\u0119 z nami - Meridian English\",\"isPartOf\":{\"@id\":\"https:\\\/\\\/www.meridianenglish.com\\\/pl\\\/#website\"},\"datePublished\":\"2022-10-16T19:49:30+00:00\",\"dateModified\":\"2024-11-12T12:52:22+00:00\",\"description\":\"Skontaktuj si\u0119 z Meridian School of English, aby dowiedzie\u0107 si\u0119 wi\u0119cej o naszych akredytowanych przez British Council kursach j\u0119zyka angielskiego online dla dzieci.\",\"breadcrumb\":{\"@id\":\"https:\\\/\\\/www.meridianenglish.com\\\/pl\\\/skontaktuj-sie-z-nami\\\/#breadcrumb\"},\"inLanguage\":\"pl-PL\",\"potentialAction\":[{\"@type\":\"ReadAction\",\"target\":[\"https:\\\/\\\/www.meridianenglish.com\\\/pl\\\/skontaktuj-sie-z-nami\\\/\"]}]},{\"@type\":\"BreadcrumbList\",\"@id\":\"https:\\\/\\\/www.meridianenglish.com\\\/pl\\\/skontaktuj-sie-z-nami\\\/#breadcrumb\",\"itemListElement\":[{\"@type\":\"ListItem\",\"position\":1,\"name\":\"Home\",\"item\":\"https:\\\/\\\/www.meridianenglish.com\\\/pl\\\/\"},{\"@type\":\"ListItem\",\"position\":2,\"name\":\"Skontaktuj si\u0119 z nami\"}]},{\"@type\":\"WebSite\",\"@id\":\"https:\\\/\\\/www.meridianenglish.com\\\/pl\\\/#website\",\"url\":\"https:\\\/\\\/www.meridianenglish.com\\\/pl\\\/\",\"name\":\"Meridian English\",\"description\":\"Online English courses for kids aged 5-13\",\"publisher\":{\"@id\":\"https:\\\/\\\/www.meridianenglish.com\\\/pl\\\/#organization\"},\"potentialAction\":[{\"@type\":\"SearchAction\",\"target\":{\"@type\":\"EntryPoint\",\"urlTemplate\":\"https:\\\/\\\/www.meridianenglish.com\\\/pl\\\/?s={search_term_string}\"},\"query-input\":{\"@type\":\"PropertyValueSpecification\",\"valueRequired\":true,\"valueName\":\"search_term_string\"}}],\"inLanguage\":\"pl-PL\"},{\"@type\":\"Organization\",\"@id\":\"https:\\\/\\\/www.meridianenglish.com\\\/pl\\\/#organization\",\"name\":\"Meridian School of English\",\"url\":\"https:\\\/\\\/www.meridianenglish.com\\\/pl\\\/\",\"logo\":{\"@type\":\"ImageObject\",\"inLanguage\":\"pl-PL\",\"@id\":\"https:\\\/\\\/www.meridianenglish.com\\\/pl\\\/#\\\/schema\\\/logo\\\/image\\\/\",\"url\":\"https:\\\/\\\/www.meridianenglish.com\\\/wp-content\\\/uploads\\\/2024\\\/06\\\/Website-logo.svg\",\"contentUrl\":\"https:\\\/\\\/www.meridianenglish.com\\\/wp-content\\\/uploads\\\/2024\\\/06\\\/Website-logo.svg\",\"caption\":\"Meridian School of English\"},\"image\":{\"@id\":\"https:\\\/\\\/www.meridianenglish.com\\\/pl\\\/#\\\/schema\\\/logo\\\/image\\\/\"},\"sameAs\":[\"https:\\\/\\\/www.facebook.com\\\/meridianenglishschool\",\"https:\\\/\\\/www.instagram.com\\\/meridianenglish\\\/\"]}]}<\/script>\n<!-- \/ Yoast SEO plugin. -->","yoast_head_json":{"title":"Skontaktuj si\u0119 z nami - Meridian English","description":"Skontaktuj si\u0119 z Meridian School of English, aby dowiedzie\u0107 si\u0119 wi\u0119cej o naszych akredytowanych przez British Council kursach j\u0119zyka angielskiego online dla dzieci.","robots":{"index":"index","follow":"follow","max-snippet":"max-snippet:-1","max-image-preview":"max-image-preview:large","max-video-preview":"max-video-preview:-1"},"canonical":"https:\/\/www.meridianenglish.com\/pl\/skontaktuj-sie-z-nami\/","og_locale":"pl_PL","og_type":"article","og_title":"Skontaktuj si\u0119 z nami - Meridian English","og_description":"Skontaktuj si\u0119 z Meridian School of English, aby dowiedzie\u0107 si\u0119 wi\u0119cej o naszych akredytowanych przez British Council kursach j\u0119zyka angielskiego online dla dzieci.","og_url":"https:\/\/www.meridianenglish.com\/pl\/skontaktuj-sie-z-nami\/","og_site_name":"Meridian English","article_publisher":"https:\/\/www.facebook.com\/meridianenglishschool","article_modified_time":"2024-11-12T12:52:22+00:00","twitter_card":"summary_large_image","schema":{"@context":"https:\/\/schema.org","@graph":[{"@type":"WebPage","@id":"https:\/\/www.meridianenglish.com\/pl\/skontaktuj-sie-z-nami\/","url":"https:\/\/www.meridianenglish.com\/pl\/skontaktuj-sie-z-nami\/","name":"Skontaktuj si\u0119 z nami - Meridian English","isPartOf":{"@id":"https:\/\/www.meridianenglish.com\/pl\/#website"},"datePublished":"2022-10-16T19:49:30+00:00","dateModified":"2024-11-12T12:52:22+00:00","description":"Skontaktuj si\u0119 z Meridian School of English, aby dowiedzie\u0107 si\u0119 wi\u0119cej o naszych akredytowanych przez British Council kursach j\u0119zyka angielskiego online dla dzieci.","breadcrumb":{"@id":"https:\/\/www.meridianenglish.com\/pl\/skontaktuj-sie-z-nami\/#breadcrumb"},"inLanguage":"pl-PL","potentialAction":[{"@type":"ReadAction","target":["https:\/\/www.meridianenglish.com\/pl\/skontaktuj-sie-z-nami\/"]}]},{"@type":"BreadcrumbList","@id":"https:\/\/www.meridianenglish.com\/pl\/skontaktuj-sie-z-nami\/#breadcrumb","itemListElement":[{"@type":"ListItem","position":1,"name":"Home","item":"https:\/\/www.meridianenglish.com\/pl\/"},{"@type":"ListItem","position":2,"name":"Skontaktuj si\u0119 z nami"}]},{"@type":"WebSite","@id":"https:\/\/www.meridianenglish.com\/pl\/#website","url":"https:\/\/www.meridianenglish.com\/pl\/","name":"Meridian English","description":"Online English courses for kids aged 5-13","publisher":{"@id":"https:\/\/www.meridianenglish.com\/pl\/#organization"},"potentialAction":[{"@type":"SearchAction","target":{"@type":"EntryPoint","urlTemplate":"https:\/\/www.meridianenglish.com\/pl\/?s={search_term_string}"},"query-input":{"@type":"PropertyValueSpecification","valueRequired":true,"valueName":"search_term_string"}}],"inLanguage":"pl-PL"},{"@type":"Organization","@id":"https:\/\/www.meridianenglish.com\/pl\/#organization","name":"Meridian School of English","url":"https:\/\/www.meridianenglish.com\/pl\/","logo":{"@type":"ImageObject","inLanguage":"pl-PL","@id":"https:\/\/www.meridianenglish.com\/pl\/#\/schema\/logo\/image\/","url":"https:\/\/www.meridianenglish.com\/wp-content\/uploads\/2024\/06\/Website-logo.svg","contentUrl":"https:\/\/www.meridianenglish.com\/wp-content\/uploads\/2024\/06\/Website-logo.svg","caption":"Meridian School of English"},"image":{"@id":"https:\/\/www.meridianenglish.com\/pl\/#\/schema\/logo\/image\/"},"sameAs":["https:\/\/www.facebook.com\/meridianenglishschool","https:\/\/www.instagram.com\/meridianenglish\/"]}]}},"_links":{"self":[{"href":"https:\/\/www.meridianenglish.com\/pl\/wp-json\/wp\/v2\/pages\/2334","targetHints":{"allow":["GET"]}}],"collection":[{"href":"https:\/\/www.meridianenglish.com\/pl\/wp-json\/wp\/v2\/pages"}],"about":[{"href":"https:\/\/www.meridianenglish.com\/pl\/wp-json\/wp\/v2\/types\/page"}],"author":[{"embeddable":true,"href":"https:\/\/www.meridianenglish.com\/pl\/wp-json\/wp\/v2\/users\/1"}],"replies":[{"embeddable":true,"href":"https:\/\/www.meridianenglish.com\/pl\/wp-json\/wp\/v2\/comments?post=2334"}],"version-history":[{"count":1,"href":"https:\/\/www.meridianenglish.com\/pl\/wp-json\/wp\/v2\/pages\/2334\/revisions"}],"predecessor-version":[{"id":20058,"href":"https:\/\/www.meridianenglish.com\/pl\/wp-json\/wp\/v2\/pages\/2334\/revisions\/20058"}],"wp:attachment":[{"href":"https:\/\/www.meridianenglish.com\/pl\/wp-json\/wp\/v2\/media?parent=2334"}],"wp:term":[{"taxonomy":"category","embeddable":true,"href":"https:\/\/www.meridianenglish.com\/pl\/wp-json\/wp\/v2\/categories?post=2334"}],"curies":[{"name":"wp","href":"https:\/\/api.w.org\/{rel}","templated":true}]}}