{"id":2380,"date":"2022-10-16T19:41:15","date_gmt":"2022-10-16T19:41:15","guid":{"rendered":"https:\/\/m.meridianenglish.com\/our-method\/"},"modified":"2024-11-13T14:06:41","modified_gmt":"2024-11-13T14:06:41","slug":"our-method","status":"publish","type":"page","link":"https:\/\/www.meridianenglish.com\/lv\/our-method\/","title":{"rendered":"Ang\u013cu valodas m\u0101c\u012b\u0161anas METODE Meridian ang\u013cu valod\u0101"},"content":{"rendered":"","protected":false},"excerpt":{"rendered":"","protected":false},"author":1,"featured_media":0,"parent":0,"menu_order":0,"comment_status":"closed","ping_status":"closed","template":"our-method.php","meta":{"_acf_changed":false,"footnotes":""},"categories":[138],"class_list":["post-2380","page","type-page","status-publish","hentry","category-musu-metode"],"acf":[],"yoast_head":"<!-- This site is optimized with the Yoast SEO plugin v27.3 - https:\/\/yoast.com\/product\/yoast-seo-wordpress\/ -->\n<title>Ang\u013cu valodas m\u0101c\u012b\u0161anas METODE Meridian ang\u013cu valod\u0101 - Meridian English<\/title>\n<meta name=\"description\" content=\"M\u016bsu metode \u2013 Meridian English ir Britu Padomes akredit\u0113ta tie\u0161saistes skola ar britu skolot\u0101jiem, OUP materi\u0101liem.\" \/>\n<meta name=\"robots\" content=\"index, follow, max-snippet:-1, max-image-preview:large, max-video-preview:-1\" \/>\n<link rel=\"canonical\" href=\"https:\/\/www.meridianenglish.com\/lv\/our-method\/\" \/>\n<meta property=\"og:locale\" content=\"lv_LV\" \/>\n<meta property=\"og:type\" content=\"article\" \/>\n<meta property=\"og:title\" content=\"Ang\u013cu valodas m\u0101c\u012b\u0161anas METODE Meridian ang\u013cu valod\u0101 - Meridian English\" \/>\n<meta property=\"og:description\" content=\"M\u016bsu metode \u2013 Meridian English ir Britu Padomes akredit\u0113ta tie\u0161saistes skola ar britu skolot\u0101jiem, OUP materi\u0101liem.\" \/>\n<meta property=\"og:url\" content=\"https:\/\/www.meridianenglish.com\/lv\/our-method\/\" \/>\n<meta property=\"og:site_name\" content=\"Meridian English\" \/>\n<meta property=\"article:publisher\" content=\"https:\/\/www.facebook.com\/meridianenglishschool\" \/>\n<meta property=\"article:modified_time\" content=\"2024-11-13T14:06:41+00:00\" \/>\n<meta name=\"twitter:card\" content=\"summary_large_image\" \/>\n<script type=\"application\/ld+json\" class=\"yoast-schema-graph\">{\"@context\":\"https:\\\/\\\/schema.org\",\"@graph\":[{\"@type\":\"WebPage\",\"@id\":\"https:\\\/\\\/www.meridianenglish.com\\\/lv\\\/our-method\\\/\",\"url\":\"https:\\\/\\\/www.meridianenglish.com\\\/lv\\\/our-method\\\/\",\"name\":\"Ang\u013cu valodas m\u0101c\u012b\u0161anas METODE Meridian ang\u013cu valod\u0101 - Meridian English\",\"isPartOf\":{\"@id\":\"https:\\\/\\\/www.meridianenglish.com\\\/lv\\\/#website\"},\"datePublished\":\"2022-10-16T19:41:15+00:00\",\"dateModified\":\"2024-11-13T14:06:41+00:00\",\"description\":\"M\u016bsu metode \u2013 Meridian English ir Britu Padomes akredit\u0113ta tie\u0161saistes skola ar britu skolot\u0101jiem, OUP materi\u0101liem.\",\"breadcrumb\":{\"@id\":\"https:\\\/\\\/www.meridianenglish.com\\\/lv\\\/our-method\\\/#breadcrumb\"},\"inLanguage\":\"lv-LV\",\"potentialAction\":[{\"@type\":\"ReadAction\",\"target\":[\"https:\\\/\\\/www.meridianenglish.com\\\/lv\\\/our-method\\\/\"]}]},{\"@type\":\"BreadcrumbList\",\"@id\":\"https:\\\/\\\/www.meridianenglish.com\\\/lv\\\/our-method\\\/#breadcrumb\",\"itemListElement\":[{\"@type\":\"ListItem\",\"position\":1,\"name\":\"Home\",\"item\":\"https:\\\/\\\/www.meridianenglish.com\\\/lv\\\/\"},{\"@type\":\"ListItem\",\"position\":2,\"name\":\"Ang\u013cu valodas m\u0101c\u012b\u0161anas METODE Meridian ang\u013cu valod\u0101\"}]},{\"@type\":\"WebSite\",\"@id\":\"https:\\\/\\\/www.meridianenglish.com\\\/lv\\\/#website\",\"url\":\"https:\\\/\\\/www.meridianenglish.com\\\/lv\\\/\",\"name\":\"Meridian English\",\"description\":\"Online English courses for kids aged 5-13\",\"publisher\":{\"@id\":\"https:\\\/\\\/www.meridianenglish.com\\\/lv\\\/#organization\"},\"potentialAction\":[{\"@type\":\"SearchAction\",\"target\":{\"@type\":\"EntryPoint\",\"urlTemplate\":\"https:\\\/\\\/www.meridianenglish.com\\\/lv\\\/?s={search_term_string}\"},\"query-input\":{\"@type\":\"PropertyValueSpecification\",\"valueRequired\":true,\"valueName\":\"search_term_string\"}}],\"inLanguage\":\"lv-LV\"},{\"@type\":\"Organization\",\"@id\":\"https:\\\/\\\/www.meridianenglish.com\\\/lv\\\/#organization\",\"name\":\"Meridian School of English\",\"url\":\"https:\\\/\\\/www.meridianenglish.com\\\/lv\\\/\",\"logo\":{\"@type\":\"ImageObject\",\"inLanguage\":\"lv-LV\",\"@id\":\"https:\\\/\\\/www.meridianenglish.com\\\/lv\\\/#\\\/schema\\\/logo\\\/image\\\/\",\"url\":\"https:\\\/\\\/www.meridianenglish.com\\\/wp-content\\\/uploads\\\/2024\\\/06\\\/Website-logo.svg\",\"contentUrl\":\"https:\\\/\\\/www.meridianenglish.com\\\/wp-content\\\/uploads\\\/2024\\\/06\\\/Website-logo.svg\",\"caption\":\"Meridian School of English\"},\"image\":{\"@id\":\"https:\\\/\\\/www.meridianenglish.com\\\/lv\\\/#\\\/schema\\\/logo\\\/image\\\/\"},\"sameAs\":[\"https:\\\/\\\/www.facebook.com\\\/meridianenglishschool\",\"https:\\\/\\\/www.instagram.com\\\/meridianenglish\\\/\"]}]}<\/script>\n<!-- \/ Yoast SEO plugin. -->","yoast_head_json":{"title":"Ang\u013cu valodas m\u0101c\u012b\u0161anas METODE Meridian ang\u013cu valod\u0101 - Meridian English","description":"M\u016bsu metode \u2013 Meridian English ir Britu Padomes akredit\u0113ta tie\u0161saistes skola ar britu skolot\u0101jiem, OUP materi\u0101liem.","robots":{"index":"index","follow":"follow","max-snippet":"max-snippet:-1","max-image-preview":"max-image-preview:large","max-video-preview":"max-video-preview:-1"},"canonical":"https:\/\/www.meridianenglish.com\/lv\/our-method\/","og_locale":"lv_LV","og_type":"article","og_title":"Ang\u013cu valodas m\u0101c\u012b\u0161anas METODE Meridian ang\u013cu valod\u0101 - Meridian English","og_description":"M\u016bsu metode \u2013 Meridian English ir Britu Padomes akredit\u0113ta tie\u0161saistes skola ar britu skolot\u0101jiem, OUP materi\u0101liem.","og_url":"https:\/\/www.meridianenglish.com\/lv\/our-method\/","og_site_name":"Meridian English","article_publisher":"https:\/\/www.facebook.com\/meridianenglishschool","article_modified_time":"2024-11-13T14:06:41+00:00","twitter_card":"summary_large_image","schema":{"@context":"https:\/\/schema.org","@graph":[{"@type":"WebPage","@id":"https:\/\/www.meridianenglish.com\/lv\/our-method\/","url":"https:\/\/www.meridianenglish.com\/lv\/our-method\/","name":"Ang\u013cu valodas m\u0101c\u012b\u0161anas METODE Meridian ang\u013cu valod\u0101 - Meridian English","isPartOf":{"@id":"https:\/\/www.meridianenglish.com\/lv\/#website"},"datePublished":"2022-10-16T19:41:15+00:00","dateModified":"2024-11-13T14:06:41+00:00","description":"M\u016bsu metode \u2013 Meridian English ir Britu Padomes akredit\u0113ta tie\u0161saistes skola ar britu skolot\u0101jiem, OUP materi\u0101liem.","breadcrumb":{"@id":"https:\/\/www.meridianenglish.com\/lv\/our-method\/#breadcrumb"},"inLanguage":"lv-LV","potentialAction":[{"@type":"ReadAction","target":["https:\/\/www.meridianenglish.com\/lv\/our-method\/"]}]},{"@type":"BreadcrumbList","@id":"https:\/\/www.meridianenglish.com\/lv\/our-method\/#breadcrumb","itemListElement":[{"@type":"ListItem","position":1,"name":"Home","item":"https:\/\/www.meridianenglish.com\/lv\/"},{"@type":"ListItem","position":2,"name":"Ang\u013cu valodas m\u0101c\u012b\u0161anas METODE Meridian ang\u013cu valod\u0101"}]},{"@type":"WebSite","@id":"https:\/\/www.meridianenglish.com\/lv\/#website","url":"https:\/\/www.meridianenglish.com\/lv\/","name":"Meridian English","description":"Online English courses for kids aged 5-13","publisher":{"@id":"https:\/\/www.meridianenglish.com\/lv\/#organization"},"potentialAction":[{"@type":"SearchAction","target":{"@type":"EntryPoint","urlTemplate":"https:\/\/www.meridianenglish.com\/lv\/?s={search_term_string}"},"query-input":{"@type":"PropertyValueSpecification","valueRequired":true,"valueName":"search_term_string"}}],"inLanguage":"lv-LV"},{"@type":"Organization","@id":"https:\/\/www.meridianenglish.com\/lv\/#organization","name":"Meridian School of English","url":"https:\/\/www.meridianenglish.com\/lv\/","logo":{"@type":"ImageObject","inLanguage":"lv-LV","@id":"https:\/\/www.meridianenglish.com\/lv\/#\/schema\/logo\/image\/","url":"https:\/\/www.meridianenglish.com\/wp-content\/uploads\/2024\/06\/Website-logo.svg","contentUrl":"https:\/\/www.meridianenglish.com\/wp-content\/uploads\/2024\/06\/Website-logo.svg","caption":"Meridian School of English"},"image":{"@id":"https:\/\/www.meridianenglish.com\/lv\/#\/schema\/logo\/image\/"},"sameAs":["https:\/\/www.facebook.com\/meridianenglishschool","https:\/\/www.instagram.com\/meridianenglish\/"]}]}},"_links":{"self":[{"href":"https:\/\/www.meridianenglish.com\/lv\/wp-json\/wp\/v2\/pages\/2380","targetHints":{"allow":["GET"]}}],"collection":[{"href":"https:\/\/www.meridianenglish.com\/lv\/wp-json\/wp\/v2\/pages"}],"about":[{"href":"https:\/\/www.meridianenglish.com\/lv\/wp-json\/wp\/v2\/types\/page"}],"author":[{"embeddable":true,"href":"https:\/\/www.meridianenglish.com\/lv\/wp-json\/wp\/v2\/users\/1"}],"replies":[{"embeddable":true,"href":"https:\/\/www.meridianenglish.com\/lv\/wp-json\/wp\/v2\/comments?post=2380"}],"version-history":[{"count":3,"href":"https:\/\/www.meridianenglish.com\/lv\/wp-json\/wp\/v2\/pages\/2380\/revisions"}],"predecessor-version":[{"id":20173,"href":"https:\/\/www.meridianenglish.com\/lv\/wp-json\/wp\/v2\/pages\/2380\/revisions\/20173"}],"wp:attachment":[{"href":"https:\/\/www.meridianenglish.com\/lv\/wp-json\/wp\/v2\/media?parent=2380"}],"wp:term":[{"taxonomy":"category","embeddable":true,"href":"https:\/\/www.meridianenglish.com\/lv\/wp-json\/wp\/v2\/categories?post=2380"}],"curies":[{"name":"wp","href":"https:\/\/api.w.org\/{rel}","templated":true}]}}