{"id":2361,"date":"2022-10-16T19:32:35","date_gmt":"2022-10-16T19:32:35","guid":{"rendered":"https:\/\/m.meridianenglish.com\/about-us\/"},"modified":"2024-11-13T14:13:23","modified_gmt":"2024-11-13T14:13:23","slug":"about-us","status":"publish","type":"page","link":"https:\/\/www.meridianenglish.com\/lv\/about-us\/","title":{"rendered":"Ang\u013cu valodas apguve b\u0113rniem Meridian English. Uzziniet vair\u0101k PAR MUMS"},"content":{"rendered":"","protected":false},"excerpt":{"rendered":"","protected":false},"author":1,"featured_media":0,"parent":0,"menu_order":0,"comment_status":"closed","ping_status":"closed","template":"about-us.php","meta":{"_acf_changed":false,"footnotes":""},"categories":[122],"class_list":["post-2361","page","type-page","status-publish","hentry","category-par-mums"],"acf":[],"yoast_head":"<!-- This site is optimized with the Yoast SEO plugin v27.5 - https:\/\/yoast.com\/product\/yoast-seo-wordpress\/ -->\n<title>Ang\u013cu valodas apguve b\u0113rniem Meridian English. Uzziniet vair\u0101k PAR MUMS - Meridian English<\/title>\n<meta name=\"description\" content=\"Par mums \u2013 Meridian School of English English ir Britu Padomes akredit\u0113ta tie\u0161saistes ang\u013cu skola b\u0113rniem. Apg\u016bstiet ang\u013cu valodu ar Lielbrit\u0101nij\u0101 kvalific\u0113tiem skolot\u0101jiem un Oxford University Press materi\u0101liem. Jautras, interakt\u012bvas nodarb\u012bbas.\" \/>\n<meta name=\"robots\" content=\"index, follow, max-snippet:-1, max-image-preview:large, max-video-preview:-1\" \/>\n<link rel=\"canonical\" href=\"https:\/\/www.meridianenglish.com\/lv\/about-us\/\" \/>\n<meta property=\"og:locale\" content=\"lv_LV\" \/>\n<meta property=\"og:type\" content=\"article\" \/>\n<meta property=\"og:title\" content=\"Ang\u013cu valodas apguve b\u0113rniem Meridian English. Uzziniet vair\u0101k PAR MUMS - Meridian English\" \/>\n<meta property=\"og:description\" content=\"Par mums \u2013 Meridian School of English English ir Britu Padomes akredit\u0113ta tie\u0161saistes ang\u013cu skola b\u0113rniem. Apg\u016bstiet ang\u013cu valodu ar Lielbrit\u0101nij\u0101 kvalific\u0113tiem skolot\u0101jiem un Oxford University Press materi\u0101liem. Jautras, interakt\u012bvas nodarb\u012bbas.\" \/>\n<meta property=\"og:url\" content=\"https:\/\/www.meridianenglish.com\/lv\/about-us\/\" \/>\n<meta property=\"og:site_name\" content=\"Meridian English\" \/>\n<meta property=\"article:publisher\" content=\"https:\/\/www.facebook.com\/meridianenglishschool\" \/>\n<meta property=\"article:modified_time\" content=\"2024-11-13T14:13:23+00:00\" \/>\n<meta name=\"twitter:card\" content=\"summary_large_image\" \/>\n<script type=\"application\/ld+json\" class=\"yoast-schema-graph\">{\"@context\":\"https:\\\/\\\/schema.org\",\"@graph\":[{\"@type\":\"WebPage\",\"@id\":\"https:\\\/\\\/www.meridianenglish.com\\\/lv\\\/about-us\\\/\",\"url\":\"https:\\\/\\\/www.meridianenglish.com\\\/lv\\\/about-us\\\/\",\"name\":\"Ang\u013cu valodas apguve b\u0113rniem Meridian English. Uzziniet vair\u0101k PAR MUMS - Meridian English\",\"isPartOf\":{\"@id\":\"https:\\\/\\\/www.meridianenglish.com\\\/lv\\\/#website\"},\"datePublished\":\"2022-10-16T19:32:35+00:00\",\"dateModified\":\"2024-11-13T14:13:23+00:00\",\"description\":\"Par mums \u2013 Meridian School of English English ir Britu Padomes akredit\u0113ta tie\u0161saistes ang\u013cu skola b\u0113rniem. Apg\u016bstiet ang\u013cu valodu ar Lielbrit\u0101nij\u0101 kvalific\u0113tiem skolot\u0101jiem un Oxford University Press materi\u0101liem. Jautras, interakt\u012bvas nodarb\u012bbas.\",\"breadcrumb\":{\"@id\":\"https:\\\/\\\/www.meridianenglish.com\\\/lv\\\/about-us\\\/#breadcrumb\"},\"inLanguage\":\"lv-LV\",\"potentialAction\":[{\"@type\":\"ReadAction\",\"target\":[\"https:\\\/\\\/www.meridianenglish.com\\\/lv\\\/about-us\\\/\"]}]},{\"@type\":\"BreadcrumbList\",\"@id\":\"https:\\\/\\\/www.meridianenglish.com\\\/lv\\\/about-us\\\/#breadcrumb\",\"itemListElement\":[{\"@type\":\"ListItem\",\"position\":1,\"name\":\"Home\",\"item\":\"https:\\\/\\\/www.meridianenglish.com\\\/lv\\\/\"},{\"@type\":\"ListItem\",\"position\":2,\"name\":\"Ang\u013cu valodas apguve b\u0113rniem Meridian English. Uzziniet vair\u0101k PAR MUMS\"}]},{\"@type\":\"WebSite\",\"@id\":\"https:\\\/\\\/www.meridianenglish.com\\\/lv\\\/#website\",\"url\":\"https:\\\/\\\/www.meridianenglish.com\\\/lv\\\/\",\"name\":\"Meridian English\",\"description\":\"Online English courses for kids aged 5-13\",\"publisher\":{\"@id\":\"https:\\\/\\\/www.meridianenglish.com\\\/lv\\\/#organization\"},\"potentialAction\":[{\"@type\":\"SearchAction\",\"target\":{\"@type\":\"EntryPoint\",\"urlTemplate\":\"https:\\\/\\\/www.meridianenglish.com\\\/lv\\\/?s={search_term_string}\"},\"query-input\":{\"@type\":\"PropertyValueSpecification\",\"valueRequired\":true,\"valueName\":\"search_term_string\"}}],\"inLanguage\":\"lv-LV\"},{\"@type\":\"Organization\",\"@id\":\"https:\\\/\\\/www.meridianenglish.com\\\/lv\\\/#organization\",\"name\":\"Meridian School of English\",\"url\":\"https:\\\/\\\/www.meridianenglish.com\\\/lv\\\/\",\"logo\":{\"@type\":\"ImageObject\",\"inLanguage\":\"lv-LV\",\"@id\":\"https:\\\/\\\/www.meridianenglish.com\\\/lv\\\/#\\\/schema\\\/logo\\\/image\\\/\",\"url\":\"https:\\\/\\\/www.meridianenglish.com\\\/wp-content\\\/uploads\\\/2024\\\/06\\\/Website-logo.svg\",\"contentUrl\":\"https:\\\/\\\/www.meridianenglish.com\\\/wp-content\\\/uploads\\\/2024\\\/06\\\/Website-logo.svg\",\"caption\":\"Meridian School of English\"},\"image\":{\"@id\":\"https:\\\/\\\/www.meridianenglish.com\\\/lv\\\/#\\\/schema\\\/logo\\\/image\\\/\"},\"sameAs\":[\"https:\\\/\\\/www.facebook.com\\\/meridianenglishschool\",\"https:\\\/\\\/www.instagram.com\\\/meridianenglish\\\/\"]}]}<\/script>\n<!-- \/ Yoast SEO plugin. -->","yoast_head_json":{"title":"Ang\u013cu valodas apguve b\u0113rniem Meridian English. Uzziniet vair\u0101k PAR MUMS - Meridian English","description":"Par mums \u2013 Meridian School of English English ir Britu Padomes akredit\u0113ta tie\u0161saistes ang\u013cu skola b\u0113rniem. Apg\u016bstiet ang\u013cu valodu ar Lielbrit\u0101nij\u0101 kvalific\u0113tiem skolot\u0101jiem un Oxford University Press materi\u0101liem. Jautras, interakt\u012bvas nodarb\u012bbas.","robots":{"index":"index","follow":"follow","max-snippet":"max-snippet:-1","max-image-preview":"max-image-preview:large","max-video-preview":"max-video-preview:-1"},"canonical":"https:\/\/www.meridianenglish.com\/lv\/about-us\/","og_locale":"lv_LV","og_type":"article","og_title":"Ang\u013cu valodas apguve b\u0113rniem Meridian English. Uzziniet vair\u0101k PAR MUMS - Meridian English","og_description":"Par mums \u2013 Meridian School of English English ir Britu Padomes akredit\u0113ta tie\u0161saistes ang\u013cu skola b\u0113rniem. Apg\u016bstiet ang\u013cu valodu ar Lielbrit\u0101nij\u0101 kvalific\u0113tiem skolot\u0101jiem un Oxford University Press materi\u0101liem. Jautras, interakt\u012bvas nodarb\u012bbas.","og_url":"https:\/\/www.meridianenglish.com\/lv\/about-us\/","og_site_name":"Meridian English","article_publisher":"https:\/\/www.facebook.com\/meridianenglishschool","article_modified_time":"2024-11-13T14:13:23+00:00","twitter_card":"summary_large_image","schema":{"@context":"https:\/\/schema.org","@graph":[{"@type":"WebPage","@id":"https:\/\/www.meridianenglish.com\/lv\/about-us\/","url":"https:\/\/www.meridianenglish.com\/lv\/about-us\/","name":"Ang\u013cu valodas apguve b\u0113rniem Meridian English. Uzziniet vair\u0101k PAR MUMS - Meridian English","isPartOf":{"@id":"https:\/\/www.meridianenglish.com\/lv\/#website"},"datePublished":"2022-10-16T19:32:35+00:00","dateModified":"2024-11-13T14:13:23+00:00","description":"Par mums \u2013 Meridian School of English English ir Britu Padomes akredit\u0113ta tie\u0161saistes ang\u013cu skola b\u0113rniem. Apg\u016bstiet ang\u013cu valodu ar Lielbrit\u0101nij\u0101 kvalific\u0113tiem skolot\u0101jiem un Oxford University Press materi\u0101liem. Jautras, interakt\u012bvas nodarb\u012bbas.","breadcrumb":{"@id":"https:\/\/www.meridianenglish.com\/lv\/about-us\/#breadcrumb"},"inLanguage":"lv-LV","potentialAction":[{"@type":"ReadAction","target":["https:\/\/www.meridianenglish.com\/lv\/about-us\/"]}]},{"@type":"BreadcrumbList","@id":"https:\/\/www.meridianenglish.com\/lv\/about-us\/#breadcrumb","itemListElement":[{"@type":"ListItem","position":1,"name":"Home","item":"https:\/\/www.meridianenglish.com\/lv\/"},{"@type":"ListItem","position":2,"name":"Ang\u013cu valodas apguve b\u0113rniem Meridian English. Uzziniet vair\u0101k PAR MUMS"}]},{"@type":"WebSite","@id":"https:\/\/www.meridianenglish.com\/lv\/#website","url":"https:\/\/www.meridianenglish.com\/lv\/","name":"Meridian English","description":"Online English courses for kids aged 5-13","publisher":{"@id":"https:\/\/www.meridianenglish.com\/lv\/#organization"},"potentialAction":[{"@type":"SearchAction","target":{"@type":"EntryPoint","urlTemplate":"https:\/\/www.meridianenglish.com\/lv\/?s={search_term_string}"},"query-input":{"@type":"PropertyValueSpecification","valueRequired":true,"valueName":"search_term_string"}}],"inLanguage":"lv-LV"},{"@type":"Organization","@id":"https:\/\/www.meridianenglish.com\/lv\/#organization","name":"Meridian School of English","url":"https:\/\/www.meridianenglish.com\/lv\/","logo":{"@type":"ImageObject","inLanguage":"lv-LV","@id":"https:\/\/www.meridianenglish.com\/lv\/#\/schema\/logo\/image\/","url":"https:\/\/www.meridianenglish.com\/wp-content\/uploads\/2024\/06\/Website-logo.svg","contentUrl":"https:\/\/www.meridianenglish.com\/wp-content\/uploads\/2024\/06\/Website-logo.svg","caption":"Meridian School of English"},"image":{"@id":"https:\/\/www.meridianenglish.com\/lv\/#\/schema\/logo\/image\/"},"sameAs":["https:\/\/www.facebook.com\/meridianenglishschool","https:\/\/www.instagram.com\/meridianenglish\/"]}]}},"_links":{"self":[{"href":"https:\/\/www.meridianenglish.com\/lv\/wp-json\/wp\/v2\/pages\/2361","targetHints":{"allow":["GET"]}}],"collection":[{"href":"https:\/\/www.meridianenglish.com\/lv\/wp-json\/wp\/v2\/pages"}],"about":[{"href":"https:\/\/www.meridianenglish.com\/lv\/wp-json\/wp\/v2\/types\/page"}],"author":[{"embeddable":true,"href":"https:\/\/www.meridianenglish.com\/lv\/wp-json\/wp\/v2\/users\/1"}],"replies":[{"embeddable":true,"href":"https:\/\/www.meridianenglish.com\/lv\/wp-json\/wp\/v2\/comments?post=2361"}],"version-history":[{"count":4,"href":"https:\/\/www.meridianenglish.com\/lv\/wp-json\/wp\/v2\/pages\/2361\/revisions"}],"predecessor-version":[{"id":20177,"href":"https:\/\/www.meridianenglish.com\/lv\/wp-json\/wp\/v2\/pages\/2361\/revisions\/20177"}],"wp:attachment":[{"href":"https:\/\/www.meridianenglish.com\/lv\/wp-json\/wp\/v2\/media?parent=2361"}],"wp:term":[{"taxonomy":"category","embeddable":true,"href":"https:\/\/www.meridianenglish.com\/lv\/wp-json\/wp\/v2\/categories?post=2361"}],"curies":[{"name":"wp","href":"https:\/\/api.w.org\/{rel}","templated":true}]}}