{"id":16624,"date":"2022-11-28T17:33:33","date_gmt":"2022-11-28T17:33:33","guid":{"rendered":"https:\/\/www.meridianenglish.com\/meridiana-anglu-skolas-emuars\/"},"modified":"2022-11-28T17:33:33","modified_gmt":"2022-11-28T17:33:33","slug":"meridiana-anglu-skolas-emuars","status":"publish","type":"page","link":"https:\/\/www.meridianenglish.com\/lv\/meridiana-anglu-skolas-emuars\/","title":{"rendered":"Meridi\u0101na Ang\u013cu skolas emu\u0101rs"},"content":{"rendered":"","protected":false},"excerpt":{"rendered":"","protected":false},"author":1,"featured_media":0,"parent":0,"menu_order":0,"comment_status":"closed","ping_status":"closed","template":"blog.php","meta":{"_acf_changed":false,"footnotes":""},"categories":[],"class_list":["post-16624","page","type-page","status-publish","hentry"],"acf":[],"yoast_head":"<!-- This site is optimized with the Yoast SEO plugin v27.3 - https:\/\/yoast.com\/product\/yoast-seo-wordpress\/ -->\n<title>Meridi\u0101na Ang\u013cu skolas emu\u0101rs - Meridian English<\/title>\n<meta name=\"description\" content=\"Meridian School of English emu\u0101rs. Meridian English ir Britu padomes akredit\u0113ta tie\u0161saistes skola ar britu skolot\u0101jiem un OUP materi\u0101liem.\" \/>\n<meta name=\"robots\" content=\"index, follow, max-snippet:-1, max-image-preview:large, max-video-preview:-1\" \/>\n<link rel=\"canonical\" href=\"https:\/\/www.meridianenglish.com\/lv\/meridiana-anglu-skolas-emuars\/\" \/>\n<meta property=\"og:locale\" content=\"lv_LV\" \/>\n<meta property=\"og:type\" content=\"article\" \/>\n<meta property=\"og:title\" content=\"Meridi\u0101na Ang\u013cu skolas emu\u0101rs - Meridian English\" \/>\n<meta property=\"og:description\" content=\"Meridian School of English emu\u0101rs. Meridian English ir Britu padomes akredit\u0113ta tie\u0161saistes skola ar britu skolot\u0101jiem un OUP materi\u0101liem.\" \/>\n<meta property=\"og:url\" content=\"https:\/\/www.meridianenglish.com\/lv\/meridiana-anglu-skolas-emuars\/\" \/>\n<meta property=\"og:site_name\" content=\"Meridian English\" \/>\n<meta property=\"article:publisher\" content=\"https:\/\/www.facebook.com\/meridianenglishschool\" \/>\n<meta name=\"twitter:card\" content=\"summary_large_image\" \/>\n<script type=\"application\/ld+json\" class=\"yoast-schema-graph\">{\"@context\":\"https:\\\/\\\/schema.org\",\"@graph\":[{\"@type\":\"WebPage\",\"@id\":\"https:\\\/\\\/www.meridianenglish.com\\\/lv\\\/meridiana-anglu-skolas-emuars\\\/\",\"url\":\"https:\\\/\\\/www.meridianenglish.com\\\/lv\\\/meridiana-anglu-skolas-emuars\\\/\",\"name\":\"Meridi\u0101na Ang\u013cu skolas emu\u0101rs - Meridian English\",\"isPartOf\":{\"@id\":\"https:\\\/\\\/www.meridianenglish.com\\\/lv\\\/#website\"},\"datePublished\":\"2022-11-28T17:33:33+00:00\",\"description\":\"Meridian School of English emu\u0101rs. Meridian English ir Britu padomes akredit\u0113ta tie\u0161saistes skola ar britu skolot\u0101jiem un OUP materi\u0101liem.\",\"breadcrumb\":{\"@id\":\"https:\\\/\\\/www.meridianenglish.com\\\/lv\\\/meridiana-anglu-skolas-emuars\\\/#breadcrumb\"},\"inLanguage\":\"lv-LV\",\"potentialAction\":[{\"@type\":\"ReadAction\",\"target\":[\"https:\\\/\\\/www.meridianenglish.com\\\/lv\\\/meridiana-anglu-skolas-emuars\\\/\"]}]},{\"@type\":\"BreadcrumbList\",\"@id\":\"https:\\\/\\\/www.meridianenglish.com\\\/lv\\\/meridiana-anglu-skolas-emuars\\\/#breadcrumb\",\"itemListElement\":[{\"@type\":\"ListItem\",\"position\":1,\"name\":\"Home\",\"item\":\"https:\\\/\\\/www.meridianenglish.com\\\/lv\\\/\"},{\"@type\":\"ListItem\",\"position\":2,\"name\":\"Meridi\u0101na Ang\u013cu skolas emu\u0101rs\"}]},{\"@type\":\"WebSite\",\"@id\":\"https:\\\/\\\/www.meridianenglish.com\\\/lv\\\/#website\",\"url\":\"https:\\\/\\\/www.meridianenglish.com\\\/lv\\\/\",\"name\":\"Meridian English\",\"description\":\"Online English courses for kids aged 5-13\",\"publisher\":{\"@id\":\"https:\\\/\\\/www.meridianenglish.com\\\/lv\\\/#organization\"},\"potentialAction\":[{\"@type\":\"SearchAction\",\"target\":{\"@type\":\"EntryPoint\",\"urlTemplate\":\"https:\\\/\\\/www.meridianenglish.com\\\/lv\\\/?s={search_term_string}\"},\"query-input\":{\"@type\":\"PropertyValueSpecification\",\"valueRequired\":true,\"valueName\":\"search_term_string\"}}],\"inLanguage\":\"lv-LV\"},{\"@type\":\"Organization\",\"@id\":\"https:\\\/\\\/www.meridianenglish.com\\\/lv\\\/#organization\",\"name\":\"Meridian School of English\",\"url\":\"https:\\\/\\\/www.meridianenglish.com\\\/lv\\\/\",\"logo\":{\"@type\":\"ImageObject\",\"inLanguage\":\"lv-LV\",\"@id\":\"https:\\\/\\\/www.meridianenglish.com\\\/lv\\\/#\\\/schema\\\/logo\\\/image\\\/\",\"url\":\"https:\\\/\\\/www.meridianenglish.com\\\/wp-content\\\/uploads\\\/2024\\\/06\\\/Website-logo.svg\",\"contentUrl\":\"https:\\\/\\\/www.meridianenglish.com\\\/wp-content\\\/uploads\\\/2024\\\/06\\\/Website-logo.svg\",\"caption\":\"Meridian School of English\"},\"image\":{\"@id\":\"https:\\\/\\\/www.meridianenglish.com\\\/lv\\\/#\\\/schema\\\/logo\\\/image\\\/\"},\"sameAs\":[\"https:\\\/\\\/www.facebook.com\\\/meridianenglishschool\",\"https:\\\/\\\/www.instagram.com\\\/meridianenglish\\\/\"]}]}<\/script>\n<!-- \/ Yoast SEO plugin. -->","yoast_head_json":{"title":"Meridi\u0101na Ang\u013cu skolas emu\u0101rs - Meridian English","description":"Meridian School of English emu\u0101rs. Meridian English ir Britu padomes akredit\u0113ta tie\u0161saistes skola ar britu skolot\u0101jiem un OUP materi\u0101liem.","robots":{"index":"index","follow":"follow","max-snippet":"max-snippet:-1","max-image-preview":"max-image-preview:large","max-video-preview":"max-video-preview:-1"},"canonical":"https:\/\/www.meridianenglish.com\/lv\/meridiana-anglu-skolas-emuars\/","og_locale":"lv_LV","og_type":"article","og_title":"Meridi\u0101na Ang\u013cu skolas emu\u0101rs - Meridian English","og_description":"Meridian School of English emu\u0101rs. Meridian English ir Britu padomes akredit\u0113ta tie\u0161saistes skola ar britu skolot\u0101jiem un OUP materi\u0101liem.","og_url":"https:\/\/www.meridianenglish.com\/lv\/meridiana-anglu-skolas-emuars\/","og_site_name":"Meridian English","article_publisher":"https:\/\/www.facebook.com\/meridianenglishschool","twitter_card":"summary_large_image","schema":{"@context":"https:\/\/schema.org","@graph":[{"@type":"WebPage","@id":"https:\/\/www.meridianenglish.com\/lv\/meridiana-anglu-skolas-emuars\/","url":"https:\/\/www.meridianenglish.com\/lv\/meridiana-anglu-skolas-emuars\/","name":"Meridi\u0101na Ang\u013cu skolas emu\u0101rs - Meridian English","isPartOf":{"@id":"https:\/\/www.meridianenglish.com\/lv\/#website"},"datePublished":"2022-11-28T17:33:33+00:00","description":"Meridian School of English emu\u0101rs. Meridian English ir Britu padomes akredit\u0113ta tie\u0161saistes skola ar britu skolot\u0101jiem un OUP materi\u0101liem.","breadcrumb":{"@id":"https:\/\/www.meridianenglish.com\/lv\/meridiana-anglu-skolas-emuars\/#breadcrumb"},"inLanguage":"lv-LV","potentialAction":[{"@type":"ReadAction","target":["https:\/\/www.meridianenglish.com\/lv\/meridiana-anglu-skolas-emuars\/"]}]},{"@type":"BreadcrumbList","@id":"https:\/\/www.meridianenglish.com\/lv\/meridiana-anglu-skolas-emuars\/#breadcrumb","itemListElement":[{"@type":"ListItem","position":1,"name":"Home","item":"https:\/\/www.meridianenglish.com\/lv\/"},{"@type":"ListItem","position":2,"name":"Meridi\u0101na Ang\u013cu skolas emu\u0101rs"}]},{"@type":"WebSite","@id":"https:\/\/www.meridianenglish.com\/lv\/#website","url":"https:\/\/www.meridianenglish.com\/lv\/","name":"Meridian English","description":"Online English courses for kids aged 5-13","publisher":{"@id":"https:\/\/www.meridianenglish.com\/lv\/#organization"},"potentialAction":[{"@type":"SearchAction","target":{"@type":"EntryPoint","urlTemplate":"https:\/\/www.meridianenglish.com\/lv\/?s={search_term_string}"},"query-input":{"@type":"PropertyValueSpecification","valueRequired":true,"valueName":"search_term_string"}}],"inLanguage":"lv-LV"},{"@type":"Organization","@id":"https:\/\/www.meridianenglish.com\/lv\/#organization","name":"Meridian School of English","url":"https:\/\/www.meridianenglish.com\/lv\/","logo":{"@type":"ImageObject","inLanguage":"lv-LV","@id":"https:\/\/www.meridianenglish.com\/lv\/#\/schema\/logo\/image\/","url":"https:\/\/www.meridianenglish.com\/wp-content\/uploads\/2024\/06\/Website-logo.svg","contentUrl":"https:\/\/www.meridianenglish.com\/wp-content\/uploads\/2024\/06\/Website-logo.svg","caption":"Meridian School of English"},"image":{"@id":"https:\/\/www.meridianenglish.com\/lv\/#\/schema\/logo\/image\/"},"sameAs":["https:\/\/www.facebook.com\/meridianenglishschool","https:\/\/www.instagram.com\/meridianenglish\/"]}]}},"_links":{"self":[{"href":"https:\/\/www.meridianenglish.com\/lv\/wp-json\/wp\/v2\/pages\/16624","targetHints":{"allow":["GET"]}}],"collection":[{"href":"https:\/\/www.meridianenglish.com\/lv\/wp-json\/wp\/v2\/pages"}],"about":[{"href":"https:\/\/www.meridianenglish.com\/lv\/wp-json\/wp\/v2\/types\/page"}],"author":[{"embeddable":true,"href":"https:\/\/www.meridianenglish.com\/lv\/wp-json\/wp\/v2\/users\/1"}],"replies":[{"embeddable":true,"href":"https:\/\/www.meridianenglish.com\/lv\/wp-json\/wp\/v2\/comments?post=16624"}],"version-history":[{"count":0,"href":"https:\/\/www.meridianenglish.com\/lv\/wp-json\/wp\/v2\/pages\/16624\/revisions"}],"wp:attachment":[{"href":"https:\/\/www.meridianenglish.com\/lv\/wp-json\/wp\/v2\/media?parent=16624"}],"wp:term":[{"taxonomy":"category","embeddable":true,"href":"https:\/\/www.meridianenglish.com\/lv\/wp-json\/wp\/v2\/categories?post=16624"}],"curies":[{"name":"wp","href":"https:\/\/api.w.org\/{rel}","templated":true}]}}