{"id":7249,"date":"2022-11-28T17:33:33","date_gmt":"2022-11-28T17:33:33","guid":{"rendered":"https:\/\/www.meridianenglish.com\/the-blog-of-meridian-school-of-english\/"},"modified":"2024-11-12T13:13:13","modified_gmt":"2024-11-12T13:13:13","slug":"blog-es","status":"publish","type":"page","link":"https:\/\/www.meridianenglish.com\/es\/blog-es\/","title":{"rendered":"El blog de Meridian School of English"},"content":{"rendered":"","protected":false},"excerpt":{"rendered":"","protected":false},"author":1,"featured_media":0,"parent":0,"menu_order":0,"comment_status":"closed","ping_status":"closed","template":"blog.php","meta":{"_acf_changed":false,"footnotes":""},"categories":[],"class_list":["post-7249","page","type-page","status-publish","hentry"],"acf":[],"yoast_head":"<!-- This site is optimized with the Yoast SEO plugin v27.1.1 - https:\/\/yoast.com\/product\/yoast-seo-wordpress\/ -->\n<title>El blog de Meridian School of English - Meridian English<\/title>\n<meta name=\"description\" content=\"Blog de Meridian English. Descubra consejos de expertos sobre el aprendizaje del ingl\u00e9s para ni\u00f1os. Consejos, trucos y recursos de nuestra escuela en l\u00ednea acreditada por el British Council.\" \/>\n<meta name=\"robots\" content=\"index, follow, max-snippet:-1, max-image-preview:large, max-video-preview:-1\" \/>\n<link rel=\"canonical\" href=\"https:\/\/www.meridianenglish.com\/es\/blog-es\/\" \/>\n<meta property=\"og:locale\" content=\"es_ES\" \/>\n<meta property=\"og:type\" content=\"article\" \/>\n<meta property=\"og:title\" content=\"El blog de Meridian School of English - Meridian English\" \/>\n<meta property=\"og:description\" content=\"Blog de Meridian English. Descubra consejos de expertos sobre el aprendizaje del ingl\u00e9s para ni\u00f1os. Consejos, trucos y recursos de nuestra escuela en l\u00ednea acreditada por el British Council.\" \/>\n<meta property=\"og:url\" content=\"https:\/\/www.meridianenglish.com\/es\/blog-es\/\" \/>\n<meta property=\"og:site_name\" content=\"Meridian English\" \/>\n<meta property=\"article:publisher\" content=\"https:\/\/www.facebook.com\/meridianenglishschool\" \/>\n<meta property=\"article:modified_time\" content=\"2024-11-12T13:13:13+00:00\" \/>\n<meta name=\"twitter:card\" content=\"summary_large_image\" \/>\n<script type=\"application\/ld+json\" class=\"yoast-schema-graph\">{\"@context\":\"https:\/\/schema.org\",\"@graph\":[{\"@type\":\"WebPage\",\"@id\":\"https:\/\/www.meridianenglish.com\/es\/blog-es\/\",\"url\":\"https:\/\/www.meridianenglish.com\/es\/blog-es\/\",\"name\":\"El blog de Meridian School of English - Meridian English\",\"isPartOf\":{\"@id\":\"https:\/\/www.meridianenglish.com\/es\/#website\"},\"datePublished\":\"2022-11-28T17:33:33+00:00\",\"dateModified\":\"2024-11-12T13:13:13+00:00\",\"description\":\"Blog de Meridian English. Descubra consejos de expertos sobre el aprendizaje del ingl\u00e9s para ni\u00f1os. Consejos, trucos y recursos de nuestra escuela en l\u00ednea acreditada por el British Council.\",\"breadcrumb\":{\"@id\":\"https:\/\/www.meridianenglish.com\/es\/blog-es\/#breadcrumb\"},\"inLanguage\":\"es\",\"potentialAction\":[{\"@type\":\"ReadAction\",\"target\":[\"https:\/\/www.meridianenglish.com\/es\/blog-es\/\"]}]},{\"@type\":\"BreadcrumbList\",\"@id\":\"https:\/\/www.meridianenglish.com\/es\/blog-es\/#breadcrumb\",\"itemListElement\":[{\"@type\":\"ListItem\",\"position\":1,\"name\":\"Home\",\"item\":\"https:\/\/www.meridianenglish.com\/es\/\"},{\"@type\":\"ListItem\",\"position\":2,\"name\":\"El blog de Meridian School of English\"}]},{\"@type\":\"WebSite\",\"@id\":\"https:\/\/www.meridianenglish.com\/es\/#website\",\"url\":\"https:\/\/www.meridianenglish.com\/es\/\",\"name\":\"Meridian English\",\"description\":\"Online English courses for kids aged 5-13\",\"publisher\":{\"@id\":\"https:\/\/www.meridianenglish.com\/es\/#organization\"},\"potentialAction\":[{\"@type\":\"SearchAction\",\"target\":{\"@type\":\"EntryPoint\",\"urlTemplate\":\"https:\/\/www.meridianenglish.com\/es\/?s={search_term_string}\"},\"query-input\":{\"@type\":\"PropertyValueSpecification\",\"valueRequired\":true,\"valueName\":\"search_term_string\"}}],\"inLanguage\":\"es\"},{\"@type\":\"Organization\",\"@id\":\"https:\/\/www.meridianenglish.com\/es\/#organization\",\"name\":\"Meridian School of English\",\"url\":\"https:\/\/www.meridianenglish.com\/es\/\",\"logo\":{\"@type\":\"ImageObject\",\"inLanguage\":\"es\",\"@id\":\"https:\/\/www.meridianenglish.com\/es\/#\/schema\/logo\/image\/\",\"url\":\"https:\/\/www.meridianenglish.com\/wp-content\/uploads\/2024\/06\/Website-logo.svg\",\"contentUrl\":\"https:\/\/www.meridianenglish.com\/wp-content\/uploads\/2024\/06\/Website-logo.svg\",\"caption\":\"Meridian School of English\"},\"image\":{\"@id\":\"https:\/\/www.meridianenglish.com\/es\/#\/schema\/logo\/image\/\"},\"sameAs\":[\"https:\/\/www.facebook.com\/meridianenglishschool\",\"https:\/\/www.instagram.com\/meridianenglish\/\"]}]}<\/script>\n<!-- \/ Yoast SEO plugin. -->","yoast_head_json":{"title":"El blog de Meridian School of English - Meridian English","description":"Blog de Meridian English. Descubra consejos de expertos sobre el aprendizaje del ingl\u00e9s para ni\u00f1os. Consejos, trucos y recursos de nuestra escuela en l\u00ednea acreditada por el British Council.","robots":{"index":"index","follow":"follow","max-snippet":"max-snippet:-1","max-image-preview":"max-image-preview:large","max-video-preview":"max-video-preview:-1"},"canonical":"https:\/\/www.meridianenglish.com\/es\/blog-es\/","og_locale":"es_ES","og_type":"article","og_title":"El blog de Meridian School of English - Meridian English","og_description":"Blog de Meridian English. Descubra consejos de expertos sobre el aprendizaje del ingl\u00e9s para ni\u00f1os. Consejos, trucos y recursos de nuestra escuela en l\u00ednea acreditada por el British Council.","og_url":"https:\/\/www.meridianenglish.com\/es\/blog-es\/","og_site_name":"Meridian English","article_publisher":"https:\/\/www.facebook.com\/meridianenglishschool","article_modified_time":"2024-11-12T13:13:13+00:00","twitter_card":"summary_large_image","schema":{"@context":"https:\/\/schema.org","@graph":[{"@type":"WebPage","@id":"https:\/\/www.meridianenglish.com\/es\/blog-es\/","url":"https:\/\/www.meridianenglish.com\/es\/blog-es\/","name":"El blog de Meridian School of English - Meridian English","isPartOf":{"@id":"https:\/\/www.meridianenglish.com\/es\/#website"},"datePublished":"2022-11-28T17:33:33+00:00","dateModified":"2024-11-12T13:13:13+00:00","description":"Blog de Meridian English. Descubra consejos de expertos sobre el aprendizaje del ingl\u00e9s para ni\u00f1os. Consejos, trucos y recursos de nuestra escuela en l\u00ednea acreditada por el British Council.","breadcrumb":{"@id":"https:\/\/www.meridianenglish.com\/es\/blog-es\/#breadcrumb"},"inLanguage":"es","potentialAction":[{"@type":"ReadAction","target":["https:\/\/www.meridianenglish.com\/es\/blog-es\/"]}]},{"@type":"BreadcrumbList","@id":"https:\/\/www.meridianenglish.com\/es\/blog-es\/#breadcrumb","itemListElement":[{"@type":"ListItem","position":1,"name":"Home","item":"https:\/\/www.meridianenglish.com\/es\/"},{"@type":"ListItem","position":2,"name":"El blog de Meridian School of English"}]},{"@type":"WebSite","@id":"https:\/\/www.meridianenglish.com\/es\/#website","url":"https:\/\/www.meridianenglish.com\/es\/","name":"Meridian English","description":"Online English courses for kids aged 5-13","publisher":{"@id":"https:\/\/www.meridianenglish.com\/es\/#organization"},"potentialAction":[{"@type":"SearchAction","target":{"@type":"EntryPoint","urlTemplate":"https:\/\/www.meridianenglish.com\/es\/?s={search_term_string}"},"query-input":{"@type":"PropertyValueSpecification","valueRequired":true,"valueName":"search_term_string"}}],"inLanguage":"es"},{"@type":"Organization","@id":"https:\/\/www.meridianenglish.com\/es\/#organization","name":"Meridian School of English","url":"https:\/\/www.meridianenglish.com\/es\/","logo":{"@type":"ImageObject","inLanguage":"es","@id":"https:\/\/www.meridianenglish.com\/es\/#\/schema\/logo\/image\/","url":"https:\/\/www.meridianenglish.com\/wp-content\/uploads\/2024\/06\/Website-logo.svg","contentUrl":"https:\/\/www.meridianenglish.com\/wp-content\/uploads\/2024\/06\/Website-logo.svg","caption":"Meridian School of English"},"image":{"@id":"https:\/\/www.meridianenglish.com\/es\/#\/schema\/logo\/image\/"},"sameAs":["https:\/\/www.facebook.com\/meridianenglishschool","https:\/\/www.instagram.com\/meridianenglish\/"]}]}},"_links":{"self":[{"href":"https:\/\/www.meridianenglish.com\/es\/wp-json\/wp\/v2\/pages\/7249","targetHints":{"allow":["GET"]}}],"collection":[{"href":"https:\/\/www.meridianenglish.com\/es\/wp-json\/wp\/v2\/pages"}],"about":[{"href":"https:\/\/www.meridianenglish.com\/es\/wp-json\/wp\/v2\/types\/page"}],"author":[{"embeddable":true,"href":"https:\/\/www.meridianenglish.com\/es\/wp-json\/wp\/v2\/users\/1"}],"replies":[{"embeddable":true,"href":"https:\/\/www.meridianenglish.com\/es\/wp-json\/wp\/v2\/comments?post=7249"}],"version-history":[{"count":2,"href":"https:\/\/www.meridianenglish.com\/es\/wp-json\/wp\/v2\/pages\/7249\/revisions"}],"predecessor-version":[{"id":20060,"href":"https:\/\/www.meridianenglish.com\/es\/wp-json\/wp\/v2\/pages\/7249\/revisions\/20060"}],"wp:attachment":[{"href":"https:\/\/www.meridianenglish.com\/es\/wp-json\/wp\/v2\/media?parent=7249"}],"wp:term":[{"taxonomy":"category","embeddable":true,"href":"https:\/\/www.meridianenglish.com\/es\/wp-json\/wp\/v2\/categories?post=7249"}],"curies":[{"name":"wp","href":"https:\/\/api.w.org\/{rel}","templated":true}]}}