{"id":3845,"date":"2022-11-14T14:40:43","date_gmt":"2022-11-14T14:40:43","guid":{"rendered":"https:\/\/m.meridianenglish.com\/reserva-tu-curso\/"},"modified":"2025-12-02T14:59:33","modified_gmt":"2025-12-02T14:59:33","slug":"reserva-tu-curso","status":"publish","type":"page","link":"https:\/\/www.meridianenglish.com\/es\/reserva-tu-curso\/","title":{"rendered":"Meridian English: Reserva hoy mismo el curso de ingl\u00e9s para tu hijo"},"content":{"rendered":"","protected":false},"excerpt":{"rendered":"","protected":false},"author":1,"featured_media":15700,"parent":0,"menu_order":0,"comment_status":"closed","ping_status":"closed","template":"book-now.php","meta":{"_acf_changed":false,"footnotes":""},"categories":[],"class_list":["post-3845","page","type-page","status-publish","has-post-thumbnail","hentry"],"acf":[],"yoast_head":"<!-- This site is optimized with the Yoast SEO plugin v27.5 - https:\/\/yoast.com\/product\/yoast-seo-wordpress\/ -->\n<title>Meridian English: Reserva hoy mismo el curso de ingl\u00e9s para tu hijo - Meridian English<\/title>\n<meta name=\"description\" content=\"Meridian English: Clases de ingl\u00e9s online para ni\u00f1os de 5 a 13 a\u00f1os. Reserva ahora y dale a tu hijo una ventaja.\" \/>\n<meta name=\"robots\" content=\"index, follow, max-snippet:-1, max-image-preview:large, max-video-preview:-1\" \/>\n<link rel=\"canonical\" href=\"https:\/\/www.meridianenglish.com\/es\/reserva-tu-curso\/\" \/>\n<meta property=\"og:locale\" content=\"es_ES\" \/>\n<meta property=\"og:type\" content=\"article\" \/>\n<meta property=\"og:title\" content=\"Meridian English: Reserva hoy mismo el curso de ingl\u00e9s para tu hijo - Meridian English\" \/>\n<meta property=\"og:description\" content=\"Meridian English: Clases de ingl\u00e9s online para ni\u00f1os de 5 a 13 a\u00f1os. Reserva ahora y dale a tu hijo una ventaja.\" \/>\n<meta property=\"og:url\" content=\"https:\/\/www.meridianenglish.com\/es\/reserva-tu-curso\/\" \/>\n<meta property=\"og:site_name\" content=\"Meridian English\" \/>\n<meta property=\"article:publisher\" content=\"https:\/\/www.facebook.com\/meridianenglishschool\" \/>\n<meta property=\"article:modified_time\" content=\"2025-12-02T14:59:33+00:00\" \/>\n<meta property=\"og:image\" content=\"https:\/\/www.meridianenglish.com\/wp-content\/uploads\/2024\/06\/Screen-Shot-2024-06-04-at-13.19.00-1024x634.jpg\" \/>\n<meta name=\"twitter:card\" content=\"summary_large_image\" \/>\n<meta name=\"twitter:image\" content=\"https:\/\/www.meridianenglish.com\/wp-content\/uploads\/2024\/06\/Screen-Shot-2024-06-04-at-13.19.00-1024x634.jpg\" \/>\n<meta name=\"twitter:label1\" content=\"Tiempo de lectura\" \/>\n\t<meta name=\"twitter:data1\" content=\"1 minuto\" \/>\n<script type=\"application\/ld+json\" class=\"yoast-schema-graph\">{\"@context\":\"https:\\\/\\\/schema.org\",\"@graph\":[{\"@type\":\"WebPage\",\"@id\":\"https:\\\/\\\/www.meridianenglish.com\\\/es\\\/reserva-tu-curso\\\/\",\"url\":\"https:\\\/\\\/www.meridianenglish.com\\\/es\\\/reserva-tu-curso\\\/\",\"name\":\"Meridian English: Reserva hoy mismo el curso de ingl\u00e9s para tu hijo - Meridian English\",\"isPartOf\":{\"@id\":\"https:\\\/\\\/www.meridianenglish.com\\\/es\\\/#website\"},\"primaryImageOfPage\":{\"@id\":\"https:\\\/\\\/www.meridianenglish.com\\\/es\\\/reserva-tu-curso\\\/#primaryimage\"},\"image\":{\"@id\":\"https:\\\/\\\/www.meridianenglish.com\\\/es\\\/reserva-tu-curso\\\/#primaryimage\"},\"thumbnailUrl\":\"https:\\\/\\\/www.meridianenglish.com\\\/wp-content\\\/uploads\\\/2024\\\/06\\\/Screen-Shot-2024-06-04-at-13.19.00.jpg\",\"datePublished\":\"2022-11-14T14:40:43+00:00\",\"dateModified\":\"2025-12-02T14:59:33+00:00\",\"description\":\"Meridian English: Clases de ingl\u00e9s online para ni\u00f1os de 5 a 13 a\u00f1os. Reserva ahora y dale a tu hijo una ventaja.\",\"breadcrumb\":{\"@id\":\"https:\\\/\\\/www.meridianenglish.com\\\/es\\\/reserva-tu-curso\\\/#breadcrumb\"},\"inLanguage\":\"es\",\"potentialAction\":[{\"@type\":\"ReadAction\",\"target\":[\"https:\\\/\\\/www.meridianenglish.com\\\/es\\\/reserva-tu-curso\\\/\"]}]},{\"@type\":\"ImageObject\",\"inLanguage\":\"es\",\"@id\":\"https:\\\/\\\/www.meridianenglish.com\\\/es\\\/reserva-tu-curso\\\/#primaryimage\",\"url\":\"https:\\\/\\\/www.meridianenglish.com\\\/wp-content\\\/uploads\\\/2024\\\/06\\\/Screen-Shot-2024-06-04-at-13.19.00.jpg\",\"contentUrl\":\"https:\\\/\\\/www.meridianenglish.com\\\/wp-content\\\/uploads\\\/2024\\\/06\\\/Screen-Shot-2024-06-04-at-13.19.00.jpg\",\"width\":1567,\"height\":970,\"caption\":\"Screenshot\"},{\"@type\":\"BreadcrumbList\",\"@id\":\"https:\\\/\\\/www.meridianenglish.com\\\/es\\\/reserva-tu-curso\\\/#breadcrumb\",\"itemListElement\":[{\"@type\":\"ListItem\",\"position\":1,\"name\":\"Home\",\"item\":\"https:\\\/\\\/www.meridianenglish.com\\\/es\\\/\"},{\"@type\":\"ListItem\",\"position\":2,\"name\":\"Meridian English: Reserva hoy mismo el curso de ingl\u00e9s para tu hijo\"}]},{\"@type\":\"WebSite\",\"@id\":\"https:\\\/\\\/www.meridianenglish.com\\\/es\\\/#website\",\"url\":\"https:\\\/\\\/www.meridianenglish.com\\\/es\\\/\",\"name\":\"Meridian English\",\"description\":\"Online English courses for kids aged 5-13\",\"publisher\":{\"@id\":\"https:\\\/\\\/www.meridianenglish.com\\\/es\\\/#organization\"},\"potentialAction\":[{\"@type\":\"SearchAction\",\"target\":{\"@type\":\"EntryPoint\",\"urlTemplate\":\"https:\\\/\\\/www.meridianenglish.com\\\/es\\\/?s={search_term_string}\"},\"query-input\":{\"@type\":\"PropertyValueSpecification\",\"valueRequired\":true,\"valueName\":\"search_term_string\"}}],\"inLanguage\":\"es\"},{\"@type\":\"Organization\",\"@id\":\"https:\\\/\\\/www.meridianenglish.com\\\/es\\\/#organization\",\"name\":\"Meridian School of English\",\"url\":\"https:\\\/\\\/www.meridianenglish.com\\\/es\\\/\",\"logo\":{\"@type\":\"ImageObject\",\"inLanguage\":\"es\",\"@id\":\"https:\\\/\\\/www.meridianenglish.com\\\/es\\\/#\\\/schema\\\/logo\\\/image\\\/\",\"url\":\"https:\\\/\\\/www.meridianenglish.com\\\/wp-content\\\/uploads\\\/2024\\\/06\\\/Website-logo.svg\",\"contentUrl\":\"https:\\\/\\\/www.meridianenglish.com\\\/wp-content\\\/uploads\\\/2024\\\/06\\\/Website-logo.svg\",\"caption\":\"Meridian School of English\"},\"image\":{\"@id\":\"https:\\\/\\\/www.meridianenglish.com\\\/es\\\/#\\\/schema\\\/logo\\\/image\\\/\"},\"sameAs\":[\"https:\\\/\\\/www.facebook.com\\\/meridianenglishschool\",\"https:\\\/\\\/www.instagram.com\\\/meridianenglish\\\/\"]}]}<\/script>\n<!-- \/ Yoast SEO plugin. -->","yoast_head_json":{"title":"Meridian English: Reserva hoy mismo el curso de ingl\u00e9s para tu hijo - Meridian English","description":"Meridian English: Clases de ingl\u00e9s online para ni\u00f1os de 5 a 13 a\u00f1os. Reserva ahora y dale a tu hijo una ventaja.","robots":{"index":"index","follow":"follow","max-snippet":"max-snippet:-1","max-image-preview":"max-image-preview:large","max-video-preview":"max-video-preview:-1"},"canonical":"https:\/\/www.meridianenglish.com\/es\/reserva-tu-curso\/","og_locale":"es_ES","og_type":"article","og_title":"Meridian English: Reserva hoy mismo el curso de ingl\u00e9s para tu hijo - Meridian English","og_description":"Meridian English: Clases de ingl\u00e9s online para ni\u00f1os de 5 a 13 a\u00f1os. Reserva ahora y dale a tu hijo una ventaja.","og_url":"https:\/\/www.meridianenglish.com\/es\/reserva-tu-curso\/","og_site_name":"Meridian English","article_publisher":"https:\/\/www.facebook.com\/meridianenglishschool","article_modified_time":"2025-12-02T14:59:33+00:00","og_image":[{"url":"https:\/\/www.meridianenglish.com\/wp-content\/uploads\/2024\/06\/Screen-Shot-2024-06-04-at-13.19.00-1024x634.jpg","type":"","width":"","height":""}],"twitter_card":"summary_large_image","twitter_image":"https:\/\/www.meridianenglish.com\/wp-content\/uploads\/2024\/06\/Screen-Shot-2024-06-04-at-13.19.00-1024x634.jpg","twitter_misc":{"Tiempo de lectura":"1 minuto"},"schema":{"@context":"https:\/\/schema.org","@graph":[{"@type":"WebPage","@id":"https:\/\/www.meridianenglish.com\/es\/reserva-tu-curso\/","url":"https:\/\/www.meridianenglish.com\/es\/reserva-tu-curso\/","name":"Meridian English: Reserva hoy mismo el curso de ingl\u00e9s para tu hijo - Meridian English","isPartOf":{"@id":"https:\/\/www.meridianenglish.com\/es\/#website"},"primaryImageOfPage":{"@id":"https:\/\/www.meridianenglish.com\/es\/reserva-tu-curso\/#primaryimage"},"image":{"@id":"https:\/\/www.meridianenglish.com\/es\/reserva-tu-curso\/#primaryimage"},"thumbnailUrl":"https:\/\/www.meridianenglish.com\/wp-content\/uploads\/2024\/06\/Screen-Shot-2024-06-04-at-13.19.00.jpg","datePublished":"2022-11-14T14:40:43+00:00","dateModified":"2025-12-02T14:59:33+00:00","description":"Meridian English: Clases de ingl\u00e9s online para ni\u00f1os de 5 a 13 a\u00f1os. Reserva ahora y dale a tu hijo una ventaja.","breadcrumb":{"@id":"https:\/\/www.meridianenglish.com\/es\/reserva-tu-curso\/#breadcrumb"},"inLanguage":"es","potentialAction":[{"@type":"ReadAction","target":["https:\/\/www.meridianenglish.com\/es\/reserva-tu-curso\/"]}]},{"@type":"ImageObject","inLanguage":"es","@id":"https:\/\/www.meridianenglish.com\/es\/reserva-tu-curso\/#primaryimage","url":"https:\/\/www.meridianenglish.com\/wp-content\/uploads\/2024\/06\/Screen-Shot-2024-06-04-at-13.19.00.jpg","contentUrl":"https:\/\/www.meridianenglish.com\/wp-content\/uploads\/2024\/06\/Screen-Shot-2024-06-04-at-13.19.00.jpg","width":1567,"height":970,"caption":"Screenshot"},{"@type":"BreadcrumbList","@id":"https:\/\/www.meridianenglish.com\/es\/reserva-tu-curso\/#breadcrumb","itemListElement":[{"@type":"ListItem","position":1,"name":"Home","item":"https:\/\/www.meridianenglish.com\/es\/"},{"@type":"ListItem","position":2,"name":"Meridian English: Reserva hoy mismo el curso de ingl\u00e9s para tu hijo"}]},{"@type":"WebSite","@id":"https:\/\/www.meridianenglish.com\/es\/#website","url":"https:\/\/www.meridianenglish.com\/es\/","name":"Meridian English","description":"Online English courses for kids aged 5-13","publisher":{"@id":"https:\/\/www.meridianenglish.com\/es\/#organization"},"potentialAction":[{"@type":"SearchAction","target":{"@type":"EntryPoint","urlTemplate":"https:\/\/www.meridianenglish.com\/es\/?s={search_term_string}"},"query-input":{"@type":"PropertyValueSpecification","valueRequired":true,"valueName":"search_term_string"}}],"inLanguage":"es"},{"@type":"Organization","@id":"https:\/\/www.meridianenglish.com\/es\/#organization","name":"Meridian School of English","url":"https:\/\/www.meridianenglish.com\/es\/","logo":{"@type":"ImageObject","inLanguage":"es","@id":"https:\/\/www.meridianenglish.com\/es\/#\/schema\/logo\/image\/","url":"https:\/\/www.meridianenglish.com\/wp-content\/uploads\/2024\/06\/Website-logo.svg","contentUrl":"https:\/\/www.meridianenglish.com\/wp-content\/uploads\/2024\/06\/Website-logo.svg","caption":"Meridian School of English"},"image":{"@id":"https:\/\/www.meridianenglish.com\/es\/#\/schema\/logo\/image\/"},"sameAs":["https:\/\/www.facebook.com\/meridianenglishschool","https:\/\/www.instagram.com\/meridianenglish\/"]}]}},"_links":{"self":[{"href":"https:\/\/www.meridianenglish.com\/es\/wp-json\/wp\/v2\/pages\/3845","targetHints":{"allow":["GET"]}}],"collection":[{"href":"https:\/\/www.meridianenglish.com\/es\/wp-json\/wp\/v2\/pages"}],"about":[{"href":"https:\/\/www.meridianenglish.com\/es\/wp-json\/wp\/v2\/types\/page"}],"author":[{"embeddable":true,"href":"https:\/\/www.meridianenglish.com\/es\/wp-json\/wp\/v2\/users\/1"}],"replies":[{"embeddable":true,"href":"https:\/\/www.meridianenglish.com\/es\/wp-json\/wp\/v2\/comments?post=3845"}],"version-history":[{"count":5,"href":"https:\/\/www.meridianenglish.com\/es\/wp-json\/wp\/v2\/pages\/3845\/revisions"}],"predecessor-version":[{"id":21118,"href":"https:\/\/www.meridianenglish.com\/es\/wp-json\/wp\/v2\/pages\/3845\/revisions\/21118"}],"wp:featuredmedia":[{"embeddable":true,"href":"https:\/\/www.meridianenglish.com\/es\/wp-json\/wp\/v2\/media\/15700"}],"wp:attachment":[{"href":"https:\/\/www.meridianenglish.com\/es\/wp-json\/wp\/v2\/media?parent=3845"}],"wp:term":[{"taxonomy":"category","embeddable":true,"href":"https:\/\/www.meridianenglish.com\/es\/wp-json\/wp\/v2\/categories?post=3845"}],"curies":[{"name":"wp","href":"https:\/\/api.w.org\/{rel}","templated":true}]}}