{"id":3835,"date":"2022-11-14T14:40:43","date_gmt":"2022-11-14T14:40:43","guid":{"rendered":"https:\/\/m.meridianenglish.com\/booking-cz\/"},"modified":"2024-11-13T13:47:09","modified_gmt":"2024-11-13T13:47:09","slug":"booking-cz","status":"publish","type":"page","link":"https:\/\/www.meridianenglish.com\/cs\/booking-cz\/","title":{"rendered":"Meridian English: Rezervujte si kurz angli\u010dtiny pro sv\u00e9 d\u00edt\u011b je\u0161t\u011b dnes"},"content":{"rendered":"","protected":false},"excerpt":{"rendered":"","protected":false},"author":1,"featured_media":15694,"parent":0,"menu_order":0,"comment_status":"closed","ping_status":"closed","template":"book-now.php","meta":{"_acf_changed":false,"footnotes":""},"categories":[],"class_list":["post-3835","page","type-page","status-publish","has-post-thumbnail","hentry"],"acf":[],"yoast_head":"<!-- This site is optimized with the Yoast SEO plugin v27.1.1 - https:\/\/yoast.com\/product\/yoast-seo-wordpress\/ -->\n<title>Objedn\u00e1vka online kurz\u016f angli\u010dtiny pro d\u011bti<\/title>\n<meta name=\"description\" content=\"Meridian English: Online kurzy angli\u010dtiny pro d\u011bti ve v\u011bku 5\u201313 let. Rezervujte nyn\u00ed a dejte sv\u00e9mu d\u00edt\u011bti n\u00e1skok.\" \/>\n<meta name=\"robots\" content=\"index, follow, max-snippet:-1, max-image-preview:large, max-video-preview:-1\" \/>\n<link rel=\"canonical\" href=\"https:\/\/www.meridianenglish.com\/cs\/booking-cz\/\" \/>\n<meta property=\"og:locale\" content=\"cs_CZ\" \/>\n<meta property=\"og:type\" content=\"article\" \/>\n<meta property=\"og:title\" content=\"Objedn\u00e1vka online kurz\u016f angli\u010dtiny pro d\u011bti\" \/>\n<meta property=\"og:description\" content=\"Meridian English: Online kurzy angli\u010dtiny pro d\u011bti ve v\u011bku 5\u201313 let. Rezervujte nyn\u00ed a dejte sv\u00e9mu d\u00edt\u011bti n\u00e1skok.\" \/>\n<meta property=\"og:url\" content=\"https:\/\/www.meridianenglish.com\/cs\/booking-cz\/\" \/>\n<meta property=\"og:site_name\" content=\"Meridian English\" \/>\n<meta property=\"article:publisher\" content=\"https:\/\/www.facebook.com\/meridianenglishschool\" \/>\n<meta property=\"article:modified_time\" content=\"2024-11-13T13:47:09+00:00\" \/>\n<meta property=\"og:image\" content=\"https:\/\/www.meridianenglish.com\/wp-content\/uploads\/2024\/06\/Screen-Shot-2024-06-04-at-13.19.00.jpg\" \/>\n\t<meta property=\"og:image:width\" content=\"1567\" \/>\n\t<meta property=\"og:image:height\" content=\"970\" \/>\n\t<meta property=\"og:image:type\" content=\"image\/jpeg\" \/>\n<meta name=\"twitter:card\" content=\"summary_large_image\" \/>\n<meta name=\"twitter:label1\" content=\"Odhadovan\u00e1 doba \u010dten\u00ed\" \/>\n\t<meta name=\"twitter:data1\" content=\"1 minuta\" \/>\n<script type=\"application\/ld+json\" class=\"yoast-schema-graph\">{\"@context\":\"https:\/\/schema.org\",\"@graph\":[{\"@type\":\"WebPage\",\"@id\":\"https:\/\/www.meridianenglish.com\/cs\/booking-cz\/\",\"url\":\"https:\/\/www.meridianenglish.com\/cs\/booking-cz\/\",\"name\":\"Objedn\u00e1vka online kurz\u016f angli\u010dtiny pro d\u011bti\",\"isPartOf\":{\"@id\":\"https:\/\/www.meridianenglish.com\/cs\/#website\"},\"primaryImageOfPage\":{\"@id\":\"https:\/\/www.meridianenglish.com\/cs\/booking-cz\/#primaryimage\"},\"image\":{\"@id\":\"https:\/\/www.meridianenglish.com\/cs\/booking-cz\/#primaryimage\"},\"thumbnailUrl\":\"https:\/\/www.meridianenglish.com\/wp-content\/uploads\/2024\/06\/Screen-Shot-2024-06-04-at-13.19.00.jpg\",\"datePublished\":\"2022-11-14T14:40:43+00:00\",\"dateModified\":\"2024-11-13T13:47:09+00:00\",\"description\":\"Meridian English: Online kurzy angli\u010dtiny pro d\u011bti ve v\u011bku 5\u201313 let. Rezervujte nyn\u00ed a dejte sv\u00e9mu d\u00edt\u011bti n\u00e1skok.\",\"breadcrumb\":{\"@id\":\"https:\/\/www.meridianenglish.com\/cs\/booking-cz\/#breadcrumb\"},\"inLanguage\":\"cs\",\"potentialAction\":[{\"@type\":\"ReadAction\",\"target\":[\"https:\/\/www.meridianenglish.com\/cs\/booking-cz\/\"]}]},{\"@type\":\"ImageObject\",\"inLanguage\":\"cs\",\"@id\":\"https:\/\/www.meridianenglish.com\/cs\/booking-cz\/#primaryimage\",\"url\":\"https:\/\/www.meridianenglish.com\/wp-content\/uploads\/2024\/06\/Screen-Shot-2024-06-04-at-13.19.00.jpg\",\"contentUrl\":\"https:\/\/www.meridianenglish.com\/wp-content\/uploads\/2024\/06\/Screen-Shot-2024-06-04-at-13.19.00.jpg\",\"width\":1567,\"height\":970,\"caption\":\"Screenshot\"},{\"@type\":\"BreadcrumbList\",\"@id\":\"https:\/\/www.meridianenglish.com\/cs\/booking-cz\/#breadcrumb\",\"itemListElement\":[{\"@type\":\"ListItem\",\"position\":1,\"name\":\"Home\",\"item\":\"https:\/\/www.meridianenglish.com\/cs\/\"},{\"@type\":\"ListItem\",\"position\":2,\"name\":\"Meridian English: Rezervujte si kurz angli\u010dtiny pro sv\u00e9 d\u00edt\u011b je\u0161t\u011b dnes\"}]},{\"@type\":\"WebSite\",\"@id\":\"https:\/\/www.meridianenglish.com\/cs\/#website\",\"url\":\"https:\/\/www.meridianenglish.com\/cs\/\",\"name\":\"Meridian English\",\"description\":\"Online English courses for kids aged 5-13\",\"publisher\":{\"@id\":\"https:\/\/www.meridianenglish.com\/cs\/#organization\"},\"potentialAction\":[{\"@type\":\"SearchAction\",\"target\":{\"@type\":\"EntryPoint\",\"urlTemplate\":\"https:\/\/www.meridianenglish.com\/cs\/?s={search_term_string}\"},\"query-input\":{\"@type\":\"PropertyValueSpecification\",\"valueRequired\":true,\"valueName\":\"search_term_string\"}}],\"inLanguage\":\"cs\"},{\"@type\":\"Organization\",\"@id\":\"https:\/\/www.meridianenglish.com\/cs\/#organization\",\"name\":\"Meridian School of English\",\"url\":\"https:\/\/www.meridianenglish.com\/cs\/\",\"logo\":{\"@type\":\"ImageObject\",\"inLanguage\":\"cs\",\"@id\":\"https:\/\/www.meridianenglish.com\/cs\/#\/schema\/logo\/image\/\",\"url\":\"https:\/\/www.meridianenglish.com\/wp-content\/uploads\/2024\/06\/Website-logo.svg\",\"contentUrl\":\"https:\/\/www.meridianenglish.com\/wp-content\/uploads\/2024\/06\/Website-logo.svg\",\"caption\":\"Meridian School of English\"},\"image\":{\"@id\":\"https:\/\/www.meridianenglish.com\/cs\/#\/schema\/logo\/image\/\"},\"sameAs\":[\"https:\/\/www.facebook.com\/meridianenglishschool\",\"https:\/\/www.instagram.com\/meridianenglish\/\"]}]}<\/script>\n<!-- \/ Yoast SEO plugin. -->","yoast_head_json":{"title":"Objedn\u00e1vka online kurz\u016f angli\u010dtiny pro d\u011bti","description":"Meridian English: Online kurzy angli\u010dtiny pro d\u011bti ve v\u011bku 5\u201313 let. Rezervujte nyn\u00ed a dejte sv\u00e9mu d\u00edt\u011bti n\u00e1skok.","robots":{"index":"index","follow":"follow","max-snippet":"max-snippet:-1","max-image-preview":"max-image-preview:large","max-video-preview":"max-video-preview:-1"},"canonical":"https:\/\/www.meridianenglish.com\/cs\/booking-cz\/","og_locale":"cs_CZ","og_type":"article","og_title":"Objedn\u00e1vka online kurz\u016f angli\u010dtiny pro d\u011bti","og_description":"Meridian English: Online kurzy angli\u010dtiny pro d\u011bti ve v\u011bku 5\u201313 let. Rezervujte nyn\u00ed a dejte sv\u00e9mu d\u00edt\u011bti n\u00e1skok.","og_url":"https:\/\/www.meridianenglish.com\/cs\/booking-cz\/","og_site_name":"Meridian English","article_publisher":"https:\/\/www.facebook.com\/meridianenglishschool","article_modified_time":"2024-11-13T13:47:09+00:00","og_image":[{"width":1567,"height":970,"url":"https:\/\/www.meridianenglish.com\/wp-content\/uploads\/2024\/06\/Screen-Shot-2024-06-04-at-13.19.00.jpg","type":"image\/jpeg"}],"twitter_card":"summary_large_image","twitter_misc":{"Odhadovan\u00e1 doba \u010dten\u00ed":"1 minuta"},"schema":{"@context":"https:\/\/schema.org","@graph":[{"@type":"WebPage","@id":"https:\/\/www.meridianenglish.com\/cs\/booking-cz\/","url":"https:\/\/www.meridianenglish.com\/cs\/booking-cz\/","name":"Objedn\u00e1vka online kurz\u016f angli\u010dtiny pro d\u011bti","isPartOf":{"@id":"https:\/\/www.meridianenglish.com\/cs\/#website"},"primaryImageOfPage":{"@id":"https:\/\/www.meridianenglish.com\/cs\/booking-cz\/#primaryimage"},"image":{"@id":"https:\/\/www.meridianenglish.com\/cs\/booking-cz\/#primaryimage"},"thumbnailUrl":"https:\/\/www.meridianenglish.com\/wp-content\/uploads\/2024\/06\/Screen-Shot-2024-06-04-at-13.19.00.jpg","datePublished":"2022-11-14T14:40:43+00:00","dateModified":"2024-11-13T13:47:09+00:00","description":"Meridian English: Online kurzy angli\u010dtiny pro d\u011bti ve v\u011bku 5\u201313 let. Rezervujte nyn\u00ed a dejte sv\u00e9mu d\u00edt\u011bti n\u00e1skok.","breadcrumb":{"@id":"https:\/\/www.meridianenglish.com\/cs\/booking-cz\/#breadcrumb"},"inLanguage":"cs","potentialAction":[{"@type":"ReadAction","target":["https:\/\/www.meridianenglish.com\/cs\/booking-cz\/"]}]},{"@type":"ImageObject","inLanguage":"cs","@id":"https:\/\/www.meridianenglish.com\/cs\/booking-cz\/#primaryimage","url":"https:\/\/www.meridianenglish.com\/wp-content\/uploads\/2024\/06\/Screen-Shot-2024-06-04-at-13.19.00.jpg","contentUrl":"https:\/\/www.meridianenglish.com\/wp-content\/uploads\/2024\/06\/Screen-Shot-2024-06-04-at-13.19.00.jpg","width":1567,"height":970,"caption":"Screenshot"},{"@type":"BreadcrumbList","@id":"https:\/\/www.meridianenglish.com\/cs\/booking-cz\/#breadcrumb","itemListElement":[{"@type":"ListItem","position":1,"name":"Home","item":"https:\/\/www.meridianenglish.com\/cs\/"},{"@type":"ListItem","position":2,"name":"Meridian English: Rezervujte si kurz angli\u010dtiny pro sv\u00e9 d\u00edt\u011b je\u0161t\u011b dnes"}]},{"@type":"WebSite","@id":"https:\/\/www.meridianenglish.com\/cs\/#website","url":"https:\/\/www.meridianenglish.com\/cs\/","name":"Meridian English","description":"Online English courses for kids aged 5-13","publisher":{"@id":"https:\/\/www.meridianenglish.com\/cs\/#organization"},"potentialAction":[{"@type":"SearchAction","target":{"@type":"EntryPoint","urlTemplate":"https:\/\/www.meridianenglish.com\/cs\/?s={search_term_string}"},"query-input":{"@type":"PropertyValueSpecification","valueRequired":true,"valueName":"search_term_string"}}],"inLanguage":"cs"},{"@type":"Organization","@id":"https:\/\/www.meridianenglish.com\/cs\/#organization","name":"Meridian School of English","url":"https:\/\/www.meridianenglish.com\/cs\/","logo":{"@type":"ImageObject","inLanguage":"cs","@id":"https:\/\/www.meridianenglish.com\/cs\/#\/schema\/logo\/image\/","url":"https:\/\/www.meridianenglish.com\/wp-content\/uploads\/2024\/06\/Website-logo.svg","contentUrl":"https:\/\/www.meridianenglish.com\/wp-content\/uploads\/2024\/06\/Website-logo.svg","caption":"Meridian School of English"},"image":{"@id":"https:\/\/www.meridianenglish.com\/cs\/#\/schema\/logo\/image\/"},"sameAs":["https:\/\/www.facebook.com\/meridianenglishschool","https:\/\/www.instagram.com\/meridianenglish\/"]}]}},"_links":{"self":[{"href":"https:\/\/www.meridianenglish.com\/cs\/wp-json\/wp\/v2\/pages\/3835","targetHints":{"allow":["GET"]}}],"collection":[{"href":"https:\/\/www.meridianenglish.com\/cs\/wp-json\/wp\/v2\/pages"}],"about":[{"href":"https:\/\/www.meridianenglish.com\/cs\/wp-json\/wp\/v2\/types\/page"}],"author":[{"embeddable":true,"href":"https:\/\/www.meridianenglish.com\/cs\/wp-json\/wp\/v2\/users\/1"}],"replies":[{"embeddable":true,"href":"https:\/\/www.meridianenglish.com\/cs\/wp-json\/wp\/v2\/comments?post=3835"}],"version-history":[{"count":2,"href":"https:\/\/www.meridianenglish.com\/cs\/wp-json\/wp\/v2\/pages\/3835\/revisions"}],"predecessor-version":[{"id":20165,"href":"https:\/\/www.meridianenglish.com\/cs\/wp-json\/wp\/v2\/pages\/3835\/revisions\/20165"}],"wp:featuredmedia":[{"embeddable":true,"href":"https:\/\/www.meridianenglish.com\/cs\/wp-json\/wp\/v2\/media\/15694"}],"wp:attachment":[{"href":"https:\/\/www.meridianenglish.com\/cs\/wp-json\/wp\/v2\/media?parent=3835"}],"wp:term":[{"taxonomy":"category","embeddable":true,"href":"https:\/\/www.meridianenglish.com\/cs\/wp-json\/wp\/v2\/categories?post=3835"}],"curies":[{"name":"wp","href":"https:\/\/api.w.org\/{rel}","templated":true}]}}