{"id":2753,"date":"2022-10-02T21:39:12","date_gmt":"2022-10-02T21:39:12","guid":{"rendered":"https:\/\/m.meridianenglish.com\/5-6-let\/"},"modified":"2024-05-10T09:11:16","modified_gmt":"2024-05-10T09:11:16","slug":"5-6-let","status":"publish","type":"page","link":"https:\/\/www.meridianenglish.com\/cs\/5-6-let\/","title":{"rendered":"5\u20136 let"},"content":{"rendered":"","protected":false},"excerpt":{"rendered":"","protected":false},"author":1,"featured_media":0,"parent":0,"menu_order":0,"comment_status":"closed","ping_status":"closed","template":"course.php","meta":{"_acf_changed":false,"footnotes":""},"categories":[150],"class_list":["post-2753","page","type-page","status-publish","hentry","category-kurz"],"acf":[],"yoast_head":"<!-- This site is optimized with the Yoast SEO plugin v27.1.1 - https:\/\/yoast.com\/product\/yoast-seo-wordpress\/ -->\n<title>Online angli\u010dtina pro d\u011bti 5-6 let<\/title>\n<meta name=\"description\" content=\"Na\u0161e online angli\u010dtina pro nejmen\u0161\u00ed je z\u00e1bavn\u00e1 a poutav\u00e1. Kombinujeme r\u016fzn\u00e9 aktivity, do kter\u00fdch se v\u0161ichni mohou zapojit.\" \/>\n<meta name=\"robots\" content=\"index, follow, max-snippet:-1, max-image-preview:large, max-video-preview:-1\" \/>\n<link rel=\"canonical\" href=\"https:\/\/www.meridianenglish.com\/cs\/5-6-let\/\" \/>\n<meta property=\"og:locale\" content=\"cs_CZ\" \/>\n<meta property=\"og:type\" content=\"article\" \/>\n<meta property=\"og:title\" content=\"Online angli\u010dtina pro d\u011bti 5-6 let\" \/>\n<meta property=\"og:description\" content=\"Na\u0161e online angli\u010dtina pro nejmen\u0161\u00ed je z\u00e1bavn\u00e1 a poutav\u00e1. Kombinujeme r\u016fzn\u00e9 aktivity, do kter\u00fdch se v\u0161ichni mohou zapojit.\" \/>\n<meta property=\"og:url\" content=\"https:\/\/www.meridianenglish.com\/cs\/5-6-let\/\" \/>\n<meta property=\"og:site_name\" content=\"Meridian English\" \/>\n<meta property=\"article:publisher\" content=\"https:\/\/www.facebook.com\/meridianenglishschool\" \/>\n<meta property=\"article:modified_time\" content=\"2024-05-10T09:11:16+00:00\" \/>\n<meta name=\"twitter:card\" content=\"summary_large_image\" \/>\n<script type=\"application\/ld+json\" class=\"yoast-schema-graph\">{\"@context\":\"https:\/\/schema.org\",\"@graph\":[{\"@type\":\"WebPage\",\"@id\":\"https:\/\/www.meridianenglish.com\/cs\/5-6-let\/\",\"url\":\"https:\/\/www.meridianenglish.com\/cs\/5-6-let\/\",\"name\":\"Online angli\u010dtina pro d\u011bti 5-6 let\",\"isPartOf\":{\"@id\":\"https:\/\/www.meridianenglish.com\/cs\/#website\"},\"datePublished\":\"2022-10-02T21:39:12+00:00\",\"dateModified\":\"2024-05-10T09:11:16+00:00\",\"description\":\"Na\u0161e online angli\u010dtina pro nejmen\u0161\u00ed je z\u00e1bavn\u00e1 a poutav\u00e1. Kombinujeme r\u016fzn\u00e9 aktivity, do kter\u00fdch se v\u0161ichni mohou zapojit.\",\"breadcrumb\":{\"@id\":\"https:\/\/www.meridianenglish.com\/cs\/5-6-let\/#breadcrumb\"},\"inLanguage\":\"cs\",\"potentialAction\":[{\"@type\":\"ReadAction\",\"target\":[\"https:\/\/www.meridianenglish.com\/cs\/5-6-let\/\"]}]},{\"@type\":\"BreadcrumbList\",\"@id\":\"https:\/\/www.meridianenglish.com\/cs\/5-6-let\/#breadcrumb\",\"itemListElement\":[{\"@type\":\"ListItem\",\"position\":1,\"name\":\"Home\",\"item\":\"https:\/\/www.meridianenglish.com\/cs\/\"},{\"@type\":\"ListItem\",\"position\":2,\"name\":\"5\u20136 let\"}]},{\"@type\":\"WebSite\",\"@id\":\"https:\/\/www.meridianenglish.com\/cs\/#website\",\"url\":\"https:\/\/www.meridianenglish.com\/cs\/\",\"name\":\"Meridian English\",\"description\":\"Online English courses for kids aged 5-13\",\"publisher\":{\"@id\":\"https:\/\/www.meridianenglish.com\/cs\/#organization\"},\"potentialAction\":[{\"@type\":\"SearchAction\",\"target\":{\"@type\":\"EntryPoint\",\"urlTemplate\":\"https:\/\/www.meridianenglish.com\/cs\/?s={search_term_string}\"},\"query-input\":{\"@type\":\"PropertyValueSpecification\",\"valueRequired\":true,\"valueName\":\"search_term_string\"}}],\"inLanguage\":\"cs\"},{\"@type\":\"Organization\",\"@id\":\"https:\/\/www.meridianenglish.com\/cs\/#organization\",\"name\":\"Meridian School of English\",\"url\":\"https:\/\/www.meridianenglish.com\/cs\/\",\"logo\":{\"@type\":\"ImageObject\",\"inLanguage\":\"cs\",\"@id\":\"https:\/\/www.meridianenglish.com\/cs\/#\/schema\/logo\/image\/\",\"url\":\"https:\/\/www.meridianenglish.com\/wp-content\/uploads\/2024\/06\/Website-logo.svg\",\"contentUrl\":\"https:\/\/www.meridianenglish.com\/wp-content\/uploads\/2024\/06\/Website-logo.svg\",\"caption\":\"Meridian School of English\"},\"image\":{\"@id\":\"https:\/\/www.meridianenglish.com\/cs\/#\/schema\/logo\/image\/\"},\"sameAs\":[\"https:\/\/www.facebook.com\/meridianenglishschool\",\"https:\/\/www.instagram.com\/meridianenglish\/\"]}]}<\/script>\n<!-- \/ Yoast SEO plugin. -->","yoast_head_json":{"title":"Online angli\u010dtina pro d\u011bti 5-6 let","description":"Na\u0161e online angli\u010dtina pro nejmen\u0161\u00ed je z\u00e1bavn\u00e1 a poutav\u00e1. Kombinujeme r\u016fzn\u00e9 aktivity, do kter\u00fdch se v\u0161ichni mohou zapojit.","robots":{"index":"index","follow":"follow","max-snippet":"max-snippet:-1","max-image-preview":"max-image-preview:large","max-video-preview":"max-video-preview:-1"},"canonical":"https:\/\/www.meridianenglish.com\/cs\/5-6-let\/","og_locale":"cs_CZ","og_type":"article","og_title":"Online angli\u010dtina pro d\u011bti 5-6 let","og_description":"Na\u0161e online angli\u010dtina pro nejmen\u0161\u00ed je z\u00e1bavn\u00e1 a poutav\u00e1. Kombinujeme r\u016fzn\u00e9 aktivity, do kter\u00fdch se v\u0161ichni mohou zapojit.","og_url":"https:\/\/www.meridianenglish.com\/cs\/5-6-let\/","og_site_name":"Meridian English","article_publisher":"https:\/\/www.facebook.com\/meridianenglishschool","article_modified_time":"2024-05-10T09:11:16+00:00","twitter_card":"summary_large_image","schema":{"@context":"https:\/\/schema.org","@graph":[{"@type":"WebPage","@id":"https:\/\/www.meridianenglish.com\/cs\/5-6-let\/","url":"https:\/\/www.meridianenglish.com\/cs\/5-6-let\/","name":"Online angli\u010dtina pro d\u011bti 5-6 let","isPartOf":{"@id":"https:\/\/www.meridianenglish.com\/cs\/#website"},"datePublished":"2022-10-02T21:39:12+00:00","dateModified":"2024-05-10T09:11:16+00:00","description":"Na\u0161e online angli\u010dtina pro nejmen\u0161\u00ed je z\u00e1bavn\u00e1 a poutav\u00e1. Kombinujeme r\u016fzn\u00e9 aktivity, do kter\u00fdch se v\u0161ichni mohou zapojit.","breadcrumb":{"@id":"https:\/\/www.meridianenglish.com\/cs\/5-6-let\/#breadcrumb"},"inLanguage":"cs","potentialAction":[{"@type":"ReadAction","target":["https:\/\/www.meridianenglish.com\/cs\/5-6-let\/"]}]},{"@type":"BreadcrumbList","@id":"https:\/\/www.meridianenglish.com\/cs\/5-6-let\/#breadcrumb","itemListElement":[{"@type":"ListItem","position":1,"name":"Home","item":"https:\/\/www.meridianenglish.com\/cs\/"},{"@type":"ListItem","position":2,"name":"5\u20136 let"}]},{"@type":"WebSite","@id":"https:\/\/www.meridianenglish.com\/cs\/#website","url":"https:\/\/www.meridianenglish.com\/cs\/","name":"Meridian English","description":"Online English courses for kids aged 5-13","publisher":{"@id":"https:\/\/www.meridianenglish.com\/cs\/#organization"},"potentialAction":[{"@type":"SearchAction","target":{"@type":"EntryPoint","urlTemplate":"https:\/\/www.meridianenglish.com\/cs\/?s={search_term_string}"},"query-input":{"@type":"PropertyValueSpecification","valueRequired":true,"valueName":"search_term_string"}}],"inLanguage":"cs"},{"@type":"Organization","@id":"https:\/\/www.meridianenglish.com\/cs\/#organization","name":"Meridian School of English","url":"https:\/\/www.meridianenglish.com\/cs\/","logo":{"@type":"ImageObject","inLanguage":"cs","@id":"https:\/\/www.meridianenglish.com\/cs\/#\/schema\/logo\/image\/","url":"https:\/\/www.meridianenglish.com\/wp-content\/uploads\/2024\/06\/Website-logo.svg","contentUrl":"https:\/\/www.meridianenglish.com\/wp-content\/uploads\/2024\/06\/Website-logo.svg","caption":"Meridian School of English"},"image":{"@id":"https:\/\/www.meridianenglish.com\/cs\/#\/schema\/logo\/image\/"},"sameAs":["https:\/\/www.facebook.com\/meridianenglishschool","https:\/\/www.instagram.com\/meridianenglish\/"]}]}},"_links":{"self":[{"href":"https:\/\/www.meridianenglish.com\/cs\/wp-json\/wp\/v2\/pages\/2753","targetHints":{"allow":["GET"]}}],"collection":[{"href":"https:\/\/www.meridianenglish.com\/cs\/wp-json\/wp\/v2\/pages"}],"about":[{"href":"https:\/\/www.meridianenglish.com\/cs\/wp-json\/wp\/v2\/types\/page"}],"author":[{"embeddable":true,"href":"https:\/\/www.meridianenglish.com\/cs\/wp-json\/wp\/v2\/users\/1"}],"replies":[{"embeddable":true,"href":"https:\/\/www.meridianenglish.com\/cs\/wp-json\/wp\/v2\/comments?post=2753"}],"version-history":[{"count":17,"href":"https:\/\/www.meridianenglish.com\/cs\/wp-json\/wp\/v2\/pages\/2753\/revisions"}],"predecessor-version":[{"id":15165,"href":"https:\/\/www.meridianenglish.com\/cs\/wp-json\/wp\/v2\/pages\/2753\/revisions\/15165"}],"wp:attachment":[{"href":"https:\/\/www.meridianenglish.com\/cs\/wp-json\/wp\/v2\/media?parent=2753"}],"wp:term":[{"taxonomy":"category","embeddable":true,"href":"https:\/\/www.meridianenglish.com\/cs\/wp-json\/wp\/v2\/categories?post=2753"}],"curies":[{"name":"wp","href":"https:\/\/api.w.org\/{rel}","templated":true}]}}