{"id":2375,"date":"2022-10-16T19:41:15","date_gmt":"2022-10-16T19:41:15","guid":{"rendered":"https:\/\/m.meridianenglish.com\/our-method\/"},"modified":"2023-05-25T06:14:25","modified_gmt":"2023-05-25T06:14:25","slug":"our-method","status":"publish","type":"page","link":"https:\/\/www.meridianenglish.com\/cs\/our-method\/","title":{"rendered":"METODIKA"},"content":{"rendered":"","protected":false},"excerpt":{"rendered":"","protected":false},"author":1,"featured_media":0,"parent":0,"menu_order":0,"comment_status":"closed","ping_status":"closed","template":"our-method.php","meta":{"_acf_changed":false,"footnotes":""},"categories":[133],"class_list":["post-2375","page","type-page","status-publish","hentry","category-nase-metoda"],"acf":[],"yoast_head":"<!-- This site is optimized with the Yoast SEO plugin v27.1.1 - https:\/\/yoast.com\/product\/yoast-seo-wordpress\/ -->\n<title>N\u00e1\u0161 zp\u016fsob v\u00fduky angli\u010dtiny pro d\u011bti<\/title>\n<meta name=\"description\" content=\"N\u011bkolikr\u00e1t t\u00fddn\u011b prob\u00edhaj\u00ed kr\u00e1tk\u00e9 online lekce angli\u010dtiny (v d\u00e9lce 30 minut). Pravidelnost a mal\u00e1 skupinka podporuj\u00ed individu\u00e1ln\u00ed v\u00fduku.\" \/>\n<meta name=\"robots\" content=\"index, follow, max-snippet:-1, max-image-preview:large, max-video-preview:-1\" \/>\n<link rel=\"canonical\" href=\"https:\/\/www.meridianenglish.com\/cs\/our-method\/\" \/>\n<meta property=\"og:locale\" content=\"cs_CZ\" \/>\n<meta property=\"og:type\" content=\"article\" \/>\n<meta property=\"og:title\" content=\"N\u00e1\u0161 zp\u016fsob v\u00fduky angli\u010dtiny pro d\u011bti\" \/>\n<meta property=\"og:description\" content=\"N\u011bkolikr\u00e1t t\u00fddn\u011b prob\u00edhaj\u00ed kr\u00e1tk\u00e9 online lekce angli\u010dtiny (v d\u00e9lce 30 minut). Pravidelnost a mal\u00e1 skupinka podporuj\u00ed individu\u00e1ln\u00ed v\u00fduku.\" \/>\n<meta property=\"og:url\" content=\"https:\/\/www.meridianenglish.com\/cs\/our-method\/\" \/>\n<meta property=\"og:site_name\" content=\"Meridian English\" \/>\n<meta property=\"article:publisher\" content=\"https:\/\/www.facebook.com\/meridianenglishschool\" \/>\n<meta property=\"article:modified_time\" content=\"2023-05-25T06:14:25+00:00\" \/>\n<meta name=\"twitter:card\" content=\"summary_large_image\" \/>\n<script type=\"application\/ld+json\" class=\"yoast-schema-graph\">{\"@context\":\"https:\/\/schema.org\",\"@graph\":[{\"@type\":\"WebPage\",\"@id\":\"https:\/\/www.meridianenglish.com\/cs\/our-method\/\",\"url\":\"https:\/\/www.meridianenglish.com\/cs\/our-method\/\",\"name\":\"N\u00e1\u0161 zp\u016fsob v\u00fduky angli\u010dtiny pro d\u011bti\",\"isPartOf\":{\"@id\":\"https:\/\/www.meridianenglish.com\/cs\/#website\"},\"datePublished\":\"2022-10-16T19:41:15+00:00\",\"dateModified\":\"2023-05-25T06:14:25+00:00\",\"description\":\"N\u011bkolikr\u00e1t t\u00fddn\u011b prob\u00edhaj\u00ed kr\u00e1tk\u00e9 online lekce angli\u010dtiny (v d\u00e9lce 30 minut). Pravidelnost a mal\u00e1 skupinka podporuj\u00ed individu\u00e1ln\u00ed v\u00fduku.\",\"breadcrumb\":{\"@id\":\"https:\/\/www.meridianenglish.com\/cs\/our-method\/#breadcrumb\"},\"inLanguage\":\"cs\",\"potentialAction\":[{\"@type\":\"ReadAction\",\"target\":[\"https:\/\/www.meridianenglish.com\/cs\/our-method\/\"]}]},{\"@type\":\"BreadcrumbList\",\"@id\":\"https:\/\/www.meridianenglish.com\/cs\/our-method\/#breadcrumb\",\"itemListElement\":[{\"@type\":\"ListItem\",\"position\":1,\"name\":\"Home\",\"item\":\"https:\/\/www.meridianenglish.com\/cs\/\"},{\"@type\":\"ListItem\",\"position\":2,\"name\":\"METODIKA\"}]},{\"@type\":\"WebSite\",\"@id\":\"https:\/\/www.meridianenglish.com\/cs\/#website\",\"url\":\"https:\/\/www.meridianenglish.com\/cs\/\",\"name\":\"Meridian English\",\"description\":\"Online English courses for kids aged 5-13\",\"publisher\":{\"@id\":\"https:\/\/www.meridianenglish.com\/cs\/#organization\"},\"potentialAction\":[{\"@type\":\"SearchAction\",\"target\":{\"@type\":\"EntryPoint\",\"urlTemplate\":\"https:\/\/www.meridianenglish.com\/cs\/?s={search_term_string}\"},\"query-input\":{\"@type\":\"PropertyValueSpecification\",\"valueRequired\":true,\"valueName\":\"search_term_string\"}}],\"inLanguage\":\"cs\"},{\"@type\":\"Organization\",\"@id\":\"https:\/\/www.meridianenglish.com\/cs\/#organization\",\"name\":\"Meridian School of English\",\"url\":\"https:\/\/www.meridianenglish.com\/cs\/\",\"logo\":{\"@type\":\"ImageObject\",\"inLanguage\":\"cs\",\"@id\":\"https:\/\/www.meridianenglish.com\/cs\/#\/schema\/logo\/image\/\",\"url\":\"https:\/\/www.meridianenglish.com\/wp-content\/uploads\/2024\/06\/Website-logo.svg\",\"contentUrl\":\"https:\/\/www.meridianenglish.com\/wp-content\/uploads\/2024\/06\/Website-logo.svg\",\"caption\":\"Meridian School of English\"},\"image\":{\"@id\":\"https:\/\/www.meridianenglish.com\/cs\/#\/schema\/logo\/image\/\"},\"sameAs\":[\"https:\/\/www.facebook.com\/meridianenglishschool\",\"https:\/\/www.instagram.com\/meridianenglish\/\"]}]}<\/script>\n<!-- \/ Yoast SEO plugin. -->","yoast_head_json":{"title":"N\u00e1\u0161 zp\u016fsob v\u00fduky angli\u010dtiny pro d\u011bti","description":"N\u011bkolikr\u00e1t t\u00fddn\u011b prob\u00edhaj\u00ed kr\u00e1tk\u00e9 online lekce angli\u010dtiny (v d\u00e9lce 30 minut). Pravidelnost a mal\u00e1 skupinka podporuj\u00ed individu\u00e1ln\u00ed v\u00fduku.","robots":{"index":"index","follow":"follow","max-snippet":"max-snippet:-1","max-image-preview":"max-image-preview:large","max-video-preview":"max-video-preview:-1"},"canonical":"https:\/\/www.meridianenglish.com\/cs\/our-method\/","og_locale":"cs_CZ","og_type":"article","og_title":"N\u00e1\u0161 zp\u016fsob v\u00fduky angli\u010dtiny pro d\u011bti","og_description":"N\u011bkolikr\u00e1t t\u00fddn\u011b prob\u00edhaj\u00ed kr\u00e1tk\u00e9 online lekce angli\u010dtiny (v d\u00e9lce 30 minut). Pravidelnost a mal\u00e1 skupinka podporuj\u00ed individu\u00e1ln\u00ed v\u00fduku.","og_url":"https:\/\/www.meridianenglish.com\/cs\/our-method\/","og_site_name":"Meridian English","article_publisher":"https:\/\/www.facebook.com\/meridianenglishschool","article_modified_time":"2023-05-25T06:14:25+00:00","twitter_card":"summary_large_image","schema":{"@context":"https:\/\/schema.org","@graph":[{"@type":"WebPage","@id":"https:\/\/www.meridianenglish.com\/cs\/our-method\/","url":"https:\/\/www.meridianenglish.com\/cs\/our-method\/","name":"N\u00e1\u0161 zp\u016fsob v\u00fduky angli\u010dtiny pro d\u011bti","isPartOf":{"@id":"https:\/\/www.meridianenglish.com\/cs\/#website"},"datePublished":"2022-10-16T19:41:15+00:00","dateModified":"2023-05-25T06:14:25+00:00","description":"N\u011bkolikr\u00e1t t\u00fddn\u011b prob\u00edhaj\u00ed kr\u00e1tk\u00e9 online lekce angli\u010dtiny (v d\u00e9lce 30 minut). Pravidelnost a mal\u00e1 skupinka podporuj\u00ed individu\u00e1ln\u00ed v\u00fduku.","breadcrumb":{"@id":"https:\/\/www.meridianenglish.com\/cs\/our-method\/#breadcrumb"},"inLanguage":"cs","potentialAction":[{"@type":"ReadAction","target":["https:\/\/www.meridianenglish.com\/cs\/our-method\/"]}]},{"@type":"BreadcrumbList","@id":"https:\/\/www.meridianenglish.com\/cs\/our-method\/#breadcrumb","itemListElement":[{"@type":"ListItem","position":1,"name":"Home","item":"https:\/\/www.meridianenglish.com\/cs\/"},{"@type":"ListItem","position":2,"name":"METODIKA"}]},{"@type":"WebSite","@id":"https:\/\/www.meridianenglish.com\/cs\/#website","url":"https:\/\/www.meridianenglish.com\/cs\/","name":"Meridian English","description":"Online English courses for kids aged 5-13","publisher":{"@id":"https:\/\/www.meridianenglish.com\/cs\/#organization"},"potentialAction":[{"@type":"SearchAction","target":{"@type":"EntryPoint","urlTemplate":"https:\/\/www.meridianenglish.com\/cs\/?s={search_term_string}"},"query-input":{"@type":"PropertyValueSpecification","valueRequired":true,"valueName":"search_term_string"}}],"inLanguage":"cs"},{"@type":"Organization","@id":"https:\/\/www.meridianenglish.com\/cs\/#organization","name":"Meridian School of English","url":"https:\/\/www.meridianenglish.com\/cs\/","logo":{"@type":"ImageObject","inLanguage":"cs","@id":"https:\/\/www.meridianenglish.com\/cs\/#\/schema\/logo\/image\/","url":"https:\/\/www.meridianenglish.com\/wp-content\/uploads\/2024\/06\/Website-logo.svg","contentUrl":"https:\/\/www.meridianenglish.com\/wp-content\/uploads\/2024\/06\/Website-logo.svg","caption":"Meridian School of English"},"image":{"@id":"https:\/\/www.meridianenglish.com\/cs\/#\/schema\/logo\/image\/"},"sameAs":["https:\/\/www.facebook.com\/meridianenglishschool","https:\/\/www.instagram.com\/meridianenglish\/"]}]}},"_links":{"self":[{"href":"https:\/\/www.meridianenglish.com\/cs\/wp-json\/wp\/v2\/pages\/2375","targetHints":{"allow":["GET"]}}],"collection":[{"href":"https:\/\/www.meridianenglish.com\/cs\/wp-json\/wp\/v2\/pages"}],"about":[{"href":"https:\/\/www.meridianenglish.com\/cs\/wp-json\/wp\/v2\/types\/page"}],"author":[{"embeddable":true,"href":"https:\/\/www.meridianenglish.com\/cs\/wp-json\/wp\/v2\/users\/1"}],"replies":[{"embeddable":true,"href":"https:\/\/www.meridianenglish.com\/cs\/wp-json\/wp\/v2\/comments?post=2375"}],"version-history":[{"count":1,"href":"https:\/\/www.meridianenglish.com\/cs\/wp-json\/wp\/v2\/pages\/2375\/revisions"}],"predecessor-version":[{"id":2395,"href":"https:\/\/www.meridianenglish.com\/cs\/wp-json\/wp\/v2\/pages\/2375\/revisions\/2395"}],"wp:attachment":[{"href":"https:\/\/www.meridianenglish.com\/cs\/wp-json\/wp\/v2\/media?parent=2375"}],"wp:term":[{"taxonomy":"category","embeddable":true,"href":"https:\/\/www.meridianenglish.com\/cs\/wp-json\/wp\/v2\/categories?post=2375"}],"curies":[{"name":"wp","href":"https:\/\/api.w.org\/{rel}","templated":true}]}}