{"id":2356,"date":"2022-10-16T19:32:35","date_gmt":"2022-10-16T19:32:35","guid":{"rendered":"https:\/\/m.meridianenglish.com\/about-us\/"},"modified":"2023-05-27T04:45:40","modified_gmt":"2023-05-27T04:45:40","slug":"about-us","status":"publish","type":"page","link":"https:\/\/www.meridianenglish.com\/cs\/about-us\/","title":{"rendered":"O N\u00c1S"},"content":{"rendered":"","protected":false},"excerpt":{"rendered":"","protected":false},"author":1,"featured_media":0,"parent":0,"menu_order":0,"comment_status":"closed","ping_status":"closed","template":"about-us.php","meta":{"_acf_changed":false,"footnotes":""},"categories":[117],"class_list":["post-2356","page","type-page","status-publish","hentry","category-o-nas-3"],"acf":[],"yoast_head":"<!-- This site is optimized with the Yoast SEO plugin v27.1.1 - https:\/\/yoast.com\/product\/yoast-seo-wordpress\/ -->\n<title>Online jazykov\u00e1 v\u00fduka s Meridian School of English<\/title>\n<meta name=\"description\" content=\"Ji\u017e v\u00edce ne\u017e 40 let poskytujeme kurzy angli\u010dtiny pro studenty z cel\u00e9ho sv\u011bta. Jsme britsk\u00e1 jazykov\u00e1 \u0161kola, kter\u00e1 m\u00e1 akreditaci British Council.\" \/>\n<meta name=\"robots\" content=\"index, follow, max-snippet:-1, max-image-preview:large, max-video-preview:-1\" \/>\n<link rel=\"canonical\" href=\"https:\/\/www.meridianenglish.com\/cs\/about-us\/\" \/>\n<meta property=\"og:locale\" content=\"cs_CZ\" \/>\n<meta property=\"og:type\" content=\"article\" \/>\n<meta property=\"og:title\" content=\"Online jazykov\u00e1 v\u00fduka s Meridian School of English\" \/>\n<meta property=\"og:description\" content=\"Ji\u017e v\u00edce ne\u017e 40 let poskytujeme kurzy angli\u010dtiny pro studenty z cel\u00e9ho sv\u011bta. Jsme britsk\u00e1 jazykov\u00e1 \u0161kola, kter\u00e1 m\u00e1 akreditaci British Council.\" \/>\n<meta property=\"og:url\" content=\"https:\/\/www.meridianenglish.com\/cs\/about-us\/\" \/>\n<meta property=\"og:site_name\" content=\"Meridian English\" \/>\n<meta property=\"article:publisher\" content=\"https:\/\/www.facebook.com\/meridianenglishschool\" \/>\n<meta property=\"article:modified_time\" content=\"2023-05-27T04:45:40+00:00\" \/>\n<meta name=\"twitter:card\" content=\"summary_large_image\" \/>\n<script type=\"application\/ld+json\" class=\"yoast-schema-graph\">{\"@context\":\"https:\/\/schema.org\",\"@graph\":[{\"@type\":\"WebPage\",\"@id\":\"https:\/\/www.meridianenglish.com\/cs\/about-us\/\",\"url\":\"https:\/\/www.meridianenglish.com\/cs\/about-us\/\",\"name\":\"Online jazykov\u00e1 v\u00fduka s Meridian School of English\",\"isPartOf\":{\"@id\":\"https:\/\/www.meridianenglish.com\/cs\/#website\"},\"datePublished\":\"2022-10-16T19:32:35+00:00\",\"dateModified\":\"2023-05-27T04:45:40+00:00\",\"description\":\"Ji\u017e v\u00edce ne\u017e 40 let poskytujeme kurzy angli\u010dtiny pro studenty z cel\u00e9ho sv\u011bta. Jsme britsk\u00e1 jazykov\u00e1 \u0161kola, kter\u00e1 m\u00e1 akreditaci British Council.\",\"breadcrumb\":{\"@id\":\"https:\/\/www.meridianenglish.com\/cs\/about-us\/#breadcrumb\"},\"inLanguage\":\"cs\",\"potentialAction\":[{\"@type\":\"ReadAction\",\"target\":[\"https:\/\/www.meridianenglish.com\/cs\/about-us\/\"]}]},{\"@type\":\"BreadcrumbList\",\"@id\":\"https:\/\/www.meridianenglish.com\/cs\/about-us\/#breadcrumb\",\"itemListElement\":[{\"@type\":\"ListItem\",\"position\":1,\"name\":\"Home\",\"item\":\"https:\/\/www.meridianenglish.com\/cs\/\"},{\"@type\":\"ListItem\",\"position\":2,\"name\":\"O N\u00c1S\"}]},{\"@type\":\"WebSite\",\"@id\":\"https:\/\/www.meridianenglish.com\/cs\/#website\",\"url\":\"https:\/\/www.meridianenglish.com\/cs\/\",\"name\":\"Meridian English\",\"description\":\"Online English courses for kids aged 5-13\",\"publisher\":{\"@id\":\"https:\/\/www.meridianenglish.com\/cs\/#organization\"},\"potentialAction\":[{\"@type\":\"SearchAction\",\"target\":{\"@type\":\"EntryPoint\",\"urlTemplate\":\"https:\/\/www.meridianenglish.com\/cs\/?s={search_term_string}\"},\"query-input\":{\"@type\":\"PropertyValueSpecification\",\"valueRequired\":true,\"valueName\":\"search_term_string\"}}],\"inLanguage\":\"cs\"},{\"@type\":\"Organization\",\"@id\":\"https:\/\/www.meridianenglish.com\/cs\/#organization\",\"name\":\"Meridian School of English\",\"url\":\"https:\/\/www.meridianenglish.com\/cs\/\",\"logo\":{\"@type\":\"ImageObject\",\"inLanguage\":\"cs\",\"@id\":\"https:\/\/www.meridianenglish.com\/cs\/#\/schema\/logo\/image\/\",\"url\":\"https:\/\/www.meridianenglish.com\/wp-content\/uploads\/2024\/06\/Website-logo.svg\",\"contentUrl\":\"https:\/\/www.meridianenglish.com\/wp-content\/uploads\/2024\/06\/Website-logo.svg\",\"caption\":\"Meridian School of English\"},\"image\":{\"@id\":\"https:\/\/www.meridianenglish.com\/cs\/#\/schema\/logo\/image\/\"},\"sameAs\":[\"https:\/\/www.facebook.com\/meridianenglishschool\",\"https:\/\/www.instagram.com\/meridianenglish\/\"]}]}<\/script>\n<!-- \/ Yoast SEO plugin. -->","yoast_head_json":{"title":"Online jazykov\u00e1 v\u00fduka s Meridian School of English","description":"Ji\u017e v\u00edce ne\u017e 40 let poskytujeme kurzy angli\u010dtiny pro studenty z cel\u00e9ho sv\u011bta. Jsme britsk\u00e1 jazykov\u00e1 \u0161kola, kter\u00e1 m\u00e1 akreditaci British Council.","robots":{"index":"index","follow":"follow","max-snippet":"max-snippet:-1","max-image-preview":"max-image-preview:large","max-video-preview":"max-video-preview:-1"},"canonical":"https:\/\/www.meridianenglish.com\/cs\/about-us\/","og_locale":"cs_CZ","og_type":"article","og_title":"Online jazykov\u00e1 v\u00fduka s Meridian School of English","og_description":"Ji\u017e v\u00edce ne\u017e 40 let poskytujeme kurzy angli\u010dtiny pro studenty z cel\u00e9ho sv\u011bta. Jsme britsk\u00e1 jazykov\u00e1 \u0161kola, kter\u00e1 m\u00e1 akreditaci British Council.","og_url":"https:\/\/www.meridianenglish.com\/cs\/about-us\/","og_site_name":"Meridian English","article_publisher":"https:\/\/www.facebook.com\/meridianenglishschool","article_modified_time":"2023-05-27T04:45:40+00:00","twitter_card":"summary_large_image","schema":{"@context":"https:\/\/schema.org","@graph":[{"@type":"WebPage","@id":"https:\/\/www.meridianenglish.com\/cs\/about-us\/","url":"https:\/\/www.meridianenglish.com\/cs\/about-us\/","name":"Online jazykov\u00e1 v\u00fduka s Meridian School of English","isPartOf":{"@id":"https:\/\/www.meridianenglish.com\/cs\/#website"},"datePublished":"2022-10-16T19:32:35+00:00","dateModified":"2023-05-27T04:45:40+00:00","description":"Ji\u017e v\u00edce ne\u017e 40 let poskytujeme kurzy angli\u010dtiny pro studenty z cel\u00e9ho sv\u011bta. Jsme britsk\u00e1 jazykov\u00e1 \u0161kola, kter\u00e1 m\u00e1 akreditaci British Council.","breadcrumb":{"@id":"https:\/\/www.meridianenglish.com\/cs\/about-us\/#breadcrumb"},"inLanguage":"cs","potentialAction":[{"@type":"ReadAction","target":["https:\/\/www.meridianenglish.com\/cs\/about-us\/"]}]},{"@type":"BreadcrumbList","@id":"https:\/\/www.meridianenglish.com\/cs\/about-us\/#breadcrumb","itemListElement":[{"@type":"ListItem","position":1,"name":"Home","item":"https:\/\/www.meridianenglish.com\/cs\/"},{"@type":"ListItem","position":2,"name":"O N\u00c1S"}]},{"@type":"WebSite","@id":"https:\/\/www.meridianenglish.com\/cs\/#website","url":"https:\/\/www.meridianenglish.com\/cs\/","name":"Meridian English","description":"Online English courses for kids aged 5-13","publisher":{"@id":"https:\/\/www.meridianenglish.com\/cs\/#organization"},"potentialAction":[{"@type":"SearchAction","target":{"@type":"EntryPoint","urlTemplate":"https:\/\/www.meridianenglish.com\/cs\/?s={search_term_string}"},"query-input":{"@type":"PropertyValueSpecification","valueRequired":true,"valueName":"search_term_string"}}],"inLanguage":"cs"},{"@type":"Organization","@id":"https:\/\/www.meridianenglish.com\/cs\/#organization","name":"Meridian School of English","url":"https:\/\/www.meridianenglish.com\/cs\/","logo":{"@type":"ImageObject","inLanguage":"cs","@id":"https:\/\/www.meridianenglish.com\/cs\/#\/schema\/logo\/image\/","url":"https:\/\/www.meridianenglish.com\/wp-content\/uploads\/2024\/06\/Website-logo.svg","contentUrl":"https:\/\/www.meridianenglish.com\/wp-content\/uploads\/2024\/06\/Website-logo.svg","caption":"Meridian School of English"},"image":{"@id":"https:\/\/www.meridianenglish.com\/cs\/#\/schema\/logo\/image\/"},"sameAs":["https:\/\/www.facebook.com\/meridianenglishschool","https:\/\/www.instagram.com\/meridianenglish\/"]}]}},"_links":{"self":[{"href":"https:\/\/www.meridianenglish.com\/cs\/wp-json\/wp\/v2\/pages\/2356","targetHints":{"allow":["GET"]}}],"collection":[{"href":"https:\/\/www.meridianenglish.com\/cs\/wp-json\/wp\/v2\/pages"}],"about":[{"href":"https:\/\/www.meridianenglish.com\/cs\/wp-json\/wp\/v2\/types\/page"}],"author":[{"embeddable":true,"href":"https:\/\/www.meridianenglish.com\/cs\/wp-json\/wp\/v2\/users\/1"}],"replies":[{"embeddable":true,"href":"https:\/\/www.meridianenglish.com\/cs\/wp-json\/wp\/v2\/comments?post=2356"}],"version-history":[{"count":3,"href":"https:\/\/www.meridianenglish.com\/cs\/wp-json\/wp\/v2\/pages\/2356\/revisions"}],"predecessor-version":[{"id":8069,"href":"https:\/\/www.meridianenglish.com\/cs\/wp-json\/wp\/v2\/pages\/2356\/revisions\/8069"}],"wp:attachment":[{"href":"https:\/\/www.meridianenglish.com\/cs\/wp-json\/wp\/v2\/media?parent=2356"}],"wp:term":[{"taxonomy":"category","embeddable":true,"href":"https:\/\/www.meridianenglish.com\/cs\/wp-json\/wp\/v2\/categories?post=2356"}],"curies":[{"name":"wp","href":"https:\/\/api.w.org\/{rel}","templated":true}]}}