{"id":2316,"date":"2022-10-16T19:53:17","date_gmt":"2022-10-16T19:53:17","guid":{"rendered":"https:\/\/m.meridianenglish.com\/nejcastejsi-dotazy\/"},"modified":"2024-11-13T13:10:02","modified_gmt":"2024-11-13T13:10:02","slug":"nejcastejsi-dotazy","status":"publish","type":"page","link":"https:\/\/www.meridianenglish.com\/cs\/nejcastejsi-dotazy\/","title":{"rendered":"Meridian English FAQ: Odpov\u011bdi na va\u0161e ot\u00e1zky"},"content":{"rendered":"","protected":false},"excerpt":{"rendered":"","protected":false},"author":1,"featured_media":0,"parent":0,"menu_order":0,"comment_status":"closed","ping_status":"closed","template":"faq.php","meta":{"_acf_changed":false,"footnotes":""},"categories":[],"class_list":["post-2316","page","type-page","status-publish","hentry"],"acf":[],"yoast_head":"<!-- This site is optimized with the Yoast SEO plugin v27.3 - https:\/\/yoast.com\/product\/yoast-seo-wordpress\/ -->\n<title>\u010casto kladen\u00e9 ot\u00e1zky - Meridian School of English<\/title>\n<meta name=\"description\" content=\"Dozv\u00edte se, jak\u00e9 za\u0159\u00edzen\u00ed a software pot\u0159ebuje pro online v\u00fduku angli\u010dtiny, jak se p\u0159ipoj\u00edte ke sv\u00e9 t\u0159\u00edd\u011b atd.\" \/>\n<meta name=\"robots\" content=\"index, follow, max-snippet:-1, max-image-preview:large, max-video-preview:-1\" \/>\n<link rel=\"canonical\" href=\"https:\/\/www.meridianenglish.com\/cs\/nejcastejsi-dotazy\/\" \/>\n<meta property=\"og:locale\" content=\"cs_CZ\" \/>\n<meta property=\"og:type\" content=\"article\" \/>\n<meta property=\"og:title\" content=\"\u010casto kladen\u00e9 ot\u00e1zky - Meridian School of English\" \/>\n<meta property=\"og:description\" content=\"Dozv\u00edte se, jak\u00e9 za\u0159\u00edzen\u00ed a software pot\u0159ebuje pro online v\u00fduku angli\u010dtiny, jak se p\u0159ipoj\u00edte ke sv\u00e9 t\u0159\u00edd\u011b atd.\" \/>\n<meta property=\"og:url\" content=\"https:\/\/www.meridianenglish.com\/cs\/nejcastejsi-dotazy\/\" \/>\n<meta property=\"og:site_name\" content=\"Meridian English\" \/>\n<meta property=\"article:publisher\" content=\"https:\/\/www.facebook.com\/meridianenglishschool\" \/>\n<meta property=\"article:modified_time\" content=\"2024-11-13T13:10:02+00:00\" \/>\n<meta name=\"twitter:card\" content=\"summary_large_image\" \/>\n<script type=\"application\/ld+json\" class=\"yoast-schema-graph\">{\"@context\":\"https:\\\/\\\/schema.org\",\"@graph\":[{\"@type\":\"WebPage\",\"@id\":\"https:\\\/\\\/www.meridianenglish.com\\\/cs\\\/nejcastejsi-dotazy\\\/\",\"url\":\"https:\\\/\\\/www.meridianenglish.com\\\/cs\\\/nejcastejsi-dotazy\\\/\",\"name\":\"\u010casto kladen\u00e9 ot\u00e1zky - Meridian School of English\",\"isPartOf\":{\"@id\":\"https:\\\/\\\/www.meridianenglish.com\\\/cs\\\/#website\"},\"datePublished\":\"2022-10-16T19:53:17+00:00\",\"dateModified\":\"2024-11-13T13:10:02+00:00\",\"description\":\"Dozv\u00edte se, jak\u00e9 za\u0159\u00edzen\u00ed a software pot\u0159ebuje pro online v\u00fduku angli\u010dtiny, jak se p\u0159ipoj\u00edte ke sv\u00e9 t\u0159\u00edd\u011b atd.\",\"breadcrumb\":{\"@id\":\"https:\\\/\\\/www.meridianenglish.com\\\/cs\\\/nejcastejsi-dotazy\\\/#breadcrumb\"},\"inLanguage\":\"cs\",\"potentialAction\":[{\"@type\":\"ReadAction\",\"target\":[\"https:\\\/\\\/www.meridianenglish.com\\\/cs\\\/nejcastejsi-dotazy\\\/\"]}]},{\"@type\":\"BreadcrumbList\",\"@id\":\"https:\\\/\\\/www.meridianenglish.com\\\/cs\\\/nejcastejsi-dotazy\\\/#breadcrumb\",\"itemListElement\":[{\"@type\":\"ListItem\",\"position\":1,\"name\":\"Home\",\"item\":\"https:\\\/\\\/www.meridianenglish.com\\\/cs\\\/\"},{\"@type\":\"ListItem\",\"position\":2,\"name\":\"Meridian English FAQ: Odpov\u011bdi na va\u0161e ot\u00e1zky\"}]},{\"@type\":\"WebSite\",\"@id\":\"https:\\\/\\\/www.meridianenglish.com\\\/cs\\\/#website\",\"url\":\"https:\\\/\\\/www.meridianenglish.com\\\/cs\\\/\",\"name\":\"Meridian English\",\"description\":\"Online English courses for kids aged 5-13\",\"publisher\":{\"@id\":\"https:\\\/\\\/www.meridianenglish.com\\\/cs\\\/#organization\"},\"potentialAction\":[{\"@type\":\"SearchAction\",\"target\":{\"@type\":\"EntryPoint\",\"urlTemplate\":\"https:\\\/\\\/www.meridianenglish.com\\\/cs\\\/?s={search_term_string}\"},\"query-input\":{\"@type\":\"PropertyValueSpecification\",\"valueRequired\":true,\"valueName\":\"search_term_string\"}}],\"inLanguage\":\"cs\"},{\"@type\":\"Organization\",\"@id\":\"https:\\\/\\\/www.meridianenglish.com\\\/cs\\\/#organization\",\"name\":\"Meridian School of English\",\"url\":\"https:\\\/\\\/www.meridianenglish.com\\\/cs\\\/\",\"logo\":{\"@type\":\"ImageObject\",\"inLanguage\":\"cs\",\"@id\":\"https:\\\/\\\/www.meridianenglish.com\\\/cs\\\/#\\\/schema\\\/logo\\\/image\\\/\",\"url\":\"https:\\\/\\\/www.meridianenglish.com\\\/wp-content\\\/uploads\\\/2024\\\/06\\\/Website-logo.svg\",\"contentUrl\":\"https:\\\/\\\/www.meridianenglish.com\\\/wp-content\\\/uploads\\\/2024\\\/06\\\/Website-logo.svg\",\"caption\":\"Meridian School of English\"},\"image\":{\"@id\":\"https:\\\/\\\/www.meridianenglish.com\\\/cs\\\/#\\\/schema\\\/logo\\\/image\\\/\"},\"sameAs\":[\"https:\\\/\\\/www.facebook.com\\\/meridianenglishschool\",\"https:\\\/\\\/www.instagram.com\\\/meridianenglish\\\/\"]}]}<\/script>\n<!-- \/ Yoast SEO plugin. -->","yoast_head_json":{"title":"\u010casto kladen\u00e9 ot\u00e1zky - Meridian School of English","description":"Dozv\u00edte se, jak\u00e9 za\u0159\u00edzen\u00ed a software pot\u0159ebuje pro online v\u00fduku angli\u010dtiny, jak se p\u0159ipoj\u00edte ke sv\u00e9 t\u0159\u00edd\u011b atd.","robots":{"index":"index","follow":"follow","max-snippet":"max-snippet:-1","max-image-preview":"max-image-preview:large","max-video-preview":"max-video-preview:-1"},"canonical":"https:\/\/www.meridianenglish.com\/cs\/nejcastejsi-dotazy\/","og_locale":"cs_CZ","og_type":"article","og_title":"\u010casto kladen\u00e9 ot\u00e1zky - Meridian School of English","og_description":"Dozv\u00edte se, jak\u00e9 za\u0159\u00edzen\u00ed a software pot\u0159ebuje pro online v\u00fduku angli\u010dtiny, jak se p\u0159ipoj\u00edte ke sv\u00e9 t\u0159\u00edd\u011b atd.","og_url":"https:\/\/www.meridianenglish.com\/cs\/nejcastejsi-dotazy\/","og_site_name":"Meridian English","article_publisher":"https:\/\/www.facebook.com\/meridianenglishschool","article_modified_time":"2024-11-13T13:10:02+00:00","twitter_card":"summary_large_image","schema":{"@context":"https:\/\/schema.org","@graph":[{"@type":"WebPage","@id":"https:\/\/www.meridianenglish.com\/cs\/nejcastejsi-dotazy\/","url":"https:\/\/www.meridianenglish.com\/cs\/nejcastejsi-dotazy\/","name":"\u010casto kladen\u00e9 ot\u00e1zky - Meridian School of English","isPartOf":{"@id":"https:\/\/www.meridianenglish.com\/cs\/#website"},"datePublished":"2022-10-16T19:53:17+00:00","dateModified":"2024-11-13T13:10:02+00:00","description":"Dozv\u00edte se, jak\u00e9 za\u0159\u00edzen\u00ed a software pot\u0159ebuje pro online v\u00fduku angli\u010dtiny, jak se p\u0159ipoj\u00edte ke sv\u00e9 t\u0159\u00edd\u011b atd.","breadcrumb":{"@id":"https:\/\/www.meridianenglish.com\/cs\/nejcastejsi-dotazy\/#breadcrumb"},"inLanguage":"cs","potentialAction":[{"@type":"ReadAction","target":["https:\/\/www.meridianenglish.com\/cs\/nejcastejsi-dotazy\/"]}]},{"@type":"BreadcrumbList","@id":"https:\/\/www.meridianenglish.com\/cs\/nejcastejsi-dotazy\/#breadcrumb","itemListElement":[{"@type":"ListItem","position":1,"name":"Home","item":"https:\/\/www.meridianenglish.com\/cs\/"},{"@type":"ListItem","position":2,"name":"Meridian English FAQ: Odpov\u011bdi na va\u0161e ot\u00e1zky"}]},{"@type":"WebSite","@id":"https:\/\/www.meridianenglish.com\/cs\/#website","url":"https:\/\/www.meridianenglish.com\/cs\/","name":"Meridian English","description":"Online English courses for kids aged 5-13","publisher":{"@id":"https:\/\/www.meridianenglish.com\/cs\/#organization"},"potentialAction":[{"@type":"SearchAction","target":{"@type":"EntryPoint","urlTemplate":"https:\/\/www.meridianenglish.com\/cs\/?s={search_term_string}"},"query-input":{"@type":"PropertyValueSpecification","valueRequired":true,"valueName":"search_term_string"}}],"inLanguage":"cs"},{"@type":"Organization","@id":"https:\/\/www.meridianenglish.com\/cs\/#organization","name":"Meridian School of English","url":"https:\/\/www.meridianenglish.com\/cs\/","logo":{"@type":"ImageObject","inLanguage":"cs","@id":"https:\/\/www.meridianenglish.com\/cs\/#\/schema\/logo\/image\/","url":"https:\/\/www.meridianenglish.com\/wp-content\/uploads\/2024\/06\/Website-logo.svg","contentUrl":"https:\/\/www.meridianenglish.com\/wp-content\/uploads\/2024\/06\/Website-logo.svg","caption":"Meridian School of English"},"image":{"@id":"https:\/\/www.meridianenglish.com\/cs\/#\/schema\/logo\/image\/"},"sameAs":["https:\/\/www.facebook.com\/meridianenglishschool","https:\/\/www.instagram.com\/meridianenglish\/"]}]}},"_links":{"self":[{"href":"https:\/\/www.meridianenglish.com\/cs\/wp-json\/wp\/v2\/pages\/2316","targetHints":{"allow":["GET"]}}],"collection":[{"href":"https:\/\/www.meridianenglish.com\/cs\/wp-json\/wp\/v2\/pages"}],"about":[{"href":"https:\/\/www.meridianenglish.com\/cs\/wp-json\/wp\/v2\/types\/page"}],"author":[{"embeddable":true,"href":"https:\/\/www.meridianenglish.com\/cs\/wp-json\/wp\/v2\/users\/1"}],"replies":[{"embeddable":true,"href":"https:\/\/www.meridianenglish.com\/cs\/wp-json\/wp\/v2\/comments?post=2316"}],"version-history":[{"count":3,"href":"https:\/\/www.meridianenglish.com\/cs\/wp-json\/wp\/v2\/pages\/2316\/revisions"}],"predecessor-version":[{"id":20146,"href":"https:\/\/www.meridianenglish.com\/cs\/wp-json\/wp\/v2\/pages\/2316\/revisions\/20146"}],"wp:attachment":[{"href":"https:\/\/www.meridianenglish.com\/cs\/wp-json\/wp\/v2\/media?parent=2316"}],"wp:term":[{"taxonomy":"category","embeddable":true,"href":"https:\/\/www.meridianenglish.com\/cs\/wp-json\/wp\/v2\/categories?post=2316"}],"curies":[{"name":"wp","href":"https:\/\/api.w.org\/{rel}","templated":true}]}}