{"id":19170,"date":"2024-10-04T21:20:47","date_gmt":"2024-10-04T21:20:47","guid":{"rendered":"https:\/\/www.meridianenglish.com\/nova-uvodni-stranka\/"},"modified":"2024-10-25T11:01:32","modified_gmt":"2024-10-25T11:01:32","slug":"anglictina-pro-deti-online","status":"publish","type":"page","link":"https:\/\/www.meridianenglish.com\/cs\/","title":{"rendered":"Angli\u010dtina pro d\u011bti online"},"content":{"rendered":"","protected":false},"excerpt":{"rendered":"","protected":false},"author":1,"featured_media":19489,"parent":0,"menu_order":0,"comment_status":"closed","ping_status":"closed","template":"homepagev2.php","meta":{"_acf_changed":false,"footnotes":""},"categories":[],"class_list":["post-19170","page","type-page","status-publish","has-post-thumbnail","hentry"],"acf":[],"yoast_head":"<!-- This site is optimized with the Yoast SEO plugin v27.3 - https:\/\/yoast.com\/product\/yoast-seo-wordpress\/ -->\n<title>Angli\u010dtina pro d\u011bti online - Meridian English<\/title>\n<meta name=\"description\" content=\"Meridian School of English nab\u00edz\u00ed online kurzy angli\u010dtiny a kurzy pro d\u011bti. Z\u00edskejte p\u0159\u00edstup k z\u00e1bavn\u00fdm a interaktivn\u00edm lekc\u00edm vyu\u010dovan\u00fdm britsk\u00fdmi kvalifikovan\u00fdmi u\u010diteli.\" \/>\n<meta name=\"robots\" content=\"index, follow, max-snippet:-1, max-image-preview:large, max-video-preview:-1\" \/>\n<link rel=\"canonical\" href=\"https:\/\/www.meridianenglish.com\/cs\/\" \/>\n<meta property=\"og:locale\" content=\"cs_CZ\" \/>\n<meta property=\"og:type\" content=\"article\" \/>\n<meta property=\"og:title\" content=\"Angli\u010dtina pro d\u011bti online\" \/>\n<meta property=\"og:description\" content=\"Meridian School of English nab\u00edz\u00ed online kurzy angli\u010dtiny a kurzy pro d\u011bti. Z\u00edskejte p\u0159\u00edstup k z\u00e1bavn\u00fdm a interaktivn\u00edm lekc\u00edm vyu\u010dovan\u00fdm britsk\u00fdmi kvalifikovan\u00fdmi u\u010diteli.\" \/>\n<meta property=\"og:url\" content=\"https:\/\/www.meridianenglish.com\/cs\/\" \/>\n<meta property=\"og:site_name\" content=\"Meridian English\" \/>\n<meta property=\"article:publisher\" content=\"https:\/\/www.facebook.com\/meridianenglishschool\" \/>\n<meta property=\"article:modified_time\" content=\"2024-10-25T11:01:32+00:00\" \/>\n<meta property=\"og:image\" content=\"https:\/\/www.meridianenglish.com\/wp-content\/uploads\/2024\/10\/Screenshot-2024-10-24-at-21.39.29.jpg\" \/>\n\t<meta property=\"og:image:width\" content=\"1473\" \/>\n\t<meta property=\"og:image:height\" content=\"767\" \/>\n\t<meta property=\"og:image:type\" content=\"image\/jpeg\" \/>\n<meta name=\"twitter:card\" content=\"summary_large_image\" \/>\n<meta name=\"twitter:title\" content=\"Angli\u010dtina pro d\u011bti online\" \/>\n<meta name=\"twitter:description\" content=\"Meridian School of English nab\u00edz\u00ed online kurzy angli\u010dtiny a kurzy pro d\u011bti. Z\u00edskejte p\u0159\u00edstup k z\u00e1bavn\u00fdm a interaktivn\u00edm lekc\u00edm vyu\u010dovan\u00fdm britsk\u00fdmi kvalifikovan\u00fdmi u\u010diteli.\" \/>\n<meta name=\"twitter:image\" content=\"https:\/\/www.meridianenglish.com\/wp-content\/uploads\/2024\/10\/Screenshot-2024-10-24-at-21.39.29.jpg\" \/>\n<meta name=\"twitter:label1\" content=\"Odhadovan\u00e1 doba \u010dten\u00ed\" \/>\n\t<meta name=\"twitter:data1\" content=\"1 minuta\" \/>\n<script type=\"application\/ld+json\" class=\"yoast-schema-graph\">{\"@context\":\"https:\\\/\\\/schema.org\",\"@graph\":[{\"@type\":\"WebPage\",\"@id\":\"https:\\\/\\\/www.meridianenglish.com\\\/cs\\\/\",\"url\":\"https:\\\/\\\/www.meridianenglish.com\\\/cs\\\/\",\"name\":\"Angli\u010dtina pro d\u011bti online - Meridian English\",\"isPartOf\":{\"@id\":\"https:\\\/\\\/www.meridianenglish.com\\\/cs\\\/#website\"},\"primaryImageOfPage\":{\"@id\":\"https:\\\/\\\/www.meridianenglish.com\\\/cs\\\/#primaryimage\"},\"image\":{\"@id\":\"https:\\\/\\\/www.meridianenglish.com\\\/cs\\\/#primaryimage\"},\"thumbnailUrl\":\"https:\\\/\\\/www.meridianenglish.com\\\/wp-content\\\/uploads\\\/2024\\\/10\\\/Screenshot-2024-10-24-at-21.39.29.jpg\",\"datePublished\":\"2024-10-04T21:20:47+00:00\",\"dateModified\":\"2024-10-25T11:01:32+00:00\",\"description\":\"Meridian School of English nab\u00edz\u00ed online kurzy angli\u010dtiny a kurzy pro d\u011bti. Z\u00edskejte p\u0159\u00edstup k z\u00e1bavn\u00fdm a interaktivn\u00edm lekc\u00edm vyu\u010dovan\u00fdm britsk\u00fdmi kvalifikovan\u00fdmi u\u010diteli.\",\"breadcrumb\":{\"@id\":\"https:\\\/\\\/www.meridianenglish.com\\\/cs\\\/#breadcrumb\"},\"inLanguage\":\"cs\",\"potentialAction\":[{\"@type\":\"ReadAction\",\"target\":[\"https:\\\/\\\/www.meridianenglish.com\\\/cs\\\/\"]}]},{\"@type\":\"ImageObject\",\"inLanguage\":\"cs\",\"@id\":\"https:\\\/\\\/www.meridianenglish.com\\\/cs\\\/#primaryimage\",\"url\":\"https:\\\/\\\/www.meridianenglish.com\\\/wp-content\\\/uploads\\\/2024\\\/10\\\/Screenshot-2024-10-24-at-21.39.29.jpg\",\"contentUrl\":\"https:\\\/\\\/www.meridianenglish.com\\\/wp-content\\\/uploads\\\/2024\\\/10\\\/Screenshot-2024-10-24-at-21.39.29.jpg\",\"width\":1473,\"height\":767,\"caption\":\"Screenshot\"},{\"@type\":\"BreadcrumbList\",\"@id\":\"https:\\\/\\\/www.meridianenglish.com\\\/cs\\\/#breadcrumb\",\"itemListElement\":[{\"@type\":\"ListItem\",\"position\":1,\"name\":\"Home\",\"item\":\"https:\\\/\\\/www.meridianenglish.com\\\/cs\\\/\"},{\"@type\":\"ListItem\",\"position\":2,\"name\":\"Angli\u010dtina pro d\u011bti online\"}]},{\"@type\":\"WebSite\",\"@id\":\"https:\\\/\\\/www.meridianenglish.com\\\/cs\\\/#website\",\"url\":\"https:\\\/\\\/www.meridianenglish.com\\\/cs\\\/\",\"name\":\"Meridian English\",\"description\":\"Online English courses for kids aged 5-13\",\"publisher\":{\"@id\":\"https:\\\/\\\/www.meridianenglish.com\\\/cs\\\/#organization\"},\"potentialAction\":[{\"@type\":\"SearchAction\",\"target\":{\"@type\":\"EntryPoint\",\"urlTemplate\":\"https:\\\/\\\/www.meridianenglish.com\\\/cs\\\/?s={search_term_string}\"},\"query-input\":{\"@type\":\"PropertyValueSpecification\",\"valueRequired\":true,\"valueName\":\"search_term_string\"}}],\"inLanguage\":\"cs\"},{\"@type\":\"Organization\",\"@id\":\"https:\\\/\\\/www.meridianenglish.com\\\/cs\\\/#organization\",\"name\":\"Meridian School of English\",\"url\":\"https:\\\/\\\/www.meridianenglish.com\\\/cs\\\/\",\"logo\":{\"@type\":\"ImageObject\",\"inLanguage\":\"cs\",\"@id\":\"https:\\\/\\\/www.meridianenglish.com\\\/cs\\\/#\\\/schema\\\/logo\\\/image\\\/\",\"url\":\"https:\\\/\\\/www.meridianenglish.com\\\/wp-content\\\/uploads\\\/2024\\\/06\\\/Website-logo.svg\",\"contentUrl\":\"https:\\\/\\\/www.meridianenglish.com\\\/wp-content\\\/uploads\\\/2024\\\/06\\\/Website-logo.svg\",\"caption\":\"Meridian School of English\"},\"image\":{\"@id\":\"https:\\\/\\\/www.meridianenglish.com\\\/cs\\\/#\\\/schema\\\/logo\\\/image\\\/\"},\"sameAs\":[\"https:\\\/\\\/www.facebook.com\\\/meridianenglishschool\",\"https:\\\/\\\/www.instagram.com\\\/meridianenglish\\\/\"]}]}<\/script>\n<!-- \/ Yoast SEO plugin. -->","yoast_head_json":{"title":"Angli\u010dtina pro d\u011bti online - Meridian English","description":"Meridian School of English nab\u00edz\u00ed online kurzy angli\u010dtiny a kurzy pro d\u011bti. Z\u00edskejte p\u0159\u00edstup k z\u00e1bavn\u00fdm a interaktivn\u00edm lekc\u00edm vyu\u010dovan\u00fdm britsk\u00fdmi kvalifikovan\u00fdmi u\u010diteli.","robots":{"index":"index","follow":"follow","max-snippet":"max-snippet:-1","max-image-preview":"max-image-preview:large","max-video-preview":"max-video-preview:-1"},"canonical":"https:\/\/www.meridianenglish.com\/cs\/","og_locale":"cs_CZ","og_type":"article","og_title":"Angli\u010dtina pro d\u011bti online","og_description":"Meridian School of English nab\u00edz\u00ed online kurzy angli\u010dtiny a kurzy pro d\u011bti. Z\u00edskejte p\u0159\u00edstup k z\u00e1bavn\u00fdm a interaktivn\u00edm lekc\u00edm vyu\u010dovan\u00fdm britsk\u00fdmi kvalifikovan\u00fdmi u\u010diteli.","og_url":"https:\/\/www.meridianenglish.com\/cs\/","og_site_name":"Meridian English","article_publisher":"https:\/\/www.facebook.com\/meridianenglishschool","article_modified_time":"2024-10-25T11:01:32+00:00","og_image":[{"width":1473,"height":767,"url":"https:\/\/www.meridianenglish.com\/wp-content\/uploads\/2024\/10\/Screenshot-2024-10-24-at-21.39.29.jpg","type":"image\/jpeg"}],"twitter_card":"summary_large_image","twitter_title":"Angli\u010dtina pro d\u011bti online","twitter_description":"Meridian School of English nab\u00edz\u00ed online kurzy angli\u010dtiny a kurzy pro d\u011bti. Z\u00edskejte p\u0159\u00edstup k z\u00e1bavn\u00fdm a interaktivn\u00edm lekc\u00edm vyu\u010dovan\u00fdm britsk\u00fdmi kvalifikovan\u00fdmi u\u010diteli.","twitter_image":"https:\/\/www.meridianenglish.com\/wp-content\/uploads\/2024\/10\/Screenshot-2024-10-24-at-21.39.29.jpg","twitter_misc":{"Odhadovan\u00e1 doba \u010dten\u00ed":"1 minuta"},"schema":{"@context":"https:\/\/schema.org","@graph":[{"@type":"WebPage","@id":"https:\/\/www.meridianenglish.com\/cs\/","url":"https:\/\/www.meridianenglish.com\/cs\/","name":"Angli\u010dtina pro d\u011bti online - Meridian English","isPartOf":{"@id":"https:\/\/www.meridianenglish.com\/cs\/#website"},"primaryImageOfPage":{"@id":"https:\/\/www.meridianenglish.com\/cs\/#primaryimage"},"image":{"@id":"https:\/\/www.meridianenglish.com\/cs\/#primaryimage"},"thumbnailUrl":"https:\/\/www.meridianenglish.com\/wp-content\/uploads\/2024\/10\/Screenshot-2024-10-24-at-21.39.29.jpg","datePublished":"2024-10-04T21:20:47+00:00","dateModified":"2024-10-25T11:01:32+00:00","description":"Meridian School of English nab\u00edz\u00ed online kurzy angli\u010dtiny a kurzy pro d\u011bti. Z\u00edskejte p\u0159\u00edstup k z\u00e1bavn\u00fdm a interaktivn\u00edm lekc\u00edm vyu\u010dovan\u00fdm britsk\u00fdmi kvalifikovan\u00fdmi u\u010diteli.","breadcrumb":{"@id":"https:\/\/www.meridianenglish.com\/cs\/#breadcrumb"},"inLanguage":"cs","potentialAction":[{"@type":"ReadAction","target":["https:\/\/www.meridianenglish.com\/cs\/"]}]},{"@type":"ImageObject","inLanguage":"cs","@id":"https:\/\/www.meridianenglish.com\/cs\/#primaryimage","url":"https:\/\/www.meridianenglish.com\/wp-content\/uploads\/2024\/10\/Screenshot-2024-10-24-at-21.39.29.jpg","contentUrl":"https:\/\/www.meridianenglish.com\/wp-content\/uploads\/2024\/10\/Screenshot-2024-10-24-at-21.39.29.jpg","width":1473,"height":767,"caption":"Screenshot"},{"@type":"BreadcrumbList","@id":"https:\/\/www.meridianenglish.com\/cs\/#breadcrumb","itemListElement":[{"@type":"ListItem","position":1,"name":"Home","item":"https:\/\/www.meridianenglish.com\/cs\/"},{"@type":"ListItem","position":2,"name":"Angli\u010dtina pro d\u011bti online"}]},{"@type":"WebSite","@id":"https:\/\/www.meridianenglish.com\/cs\/#website","url":"https:\/\/www.meridianenglish.com\/cs\/","name":"Meridian English","description":"Online English courses for kids aged 5-13","publisher":{"@id":"https:\/\/www.meridianenglish.com\/cs\/#organization"},"potentialAction":[{"@type":"SearchAction","target":{"@type":"EntryPoint","urlTemplate":"https:\/\/www.meridianenglish.com\/cs\/?s={search_term_string}"},"query-input":{"@type":"PropertyValueSpecification","valueRequired":true,"valueName":"search_term_string"}}],"inLanguage":"cs"},{"@type":"Organization","@id":"https:\/\/www.meridianenglish.com\/cs\/#organization","name":"Meridian School of English","url":"https:\/\/www.meridianenglish.com\/cs\/","logo":{"@type":"ImageObject","inLanguage":"cs","@id":"https:\/\/www.meridianenglish.com\/cs\/#\/schema\/logo\/image\/","url":"https:\/\/www.meridianenglish.com\/wp-content\/uploads\/2024\/06\/Website-logo.svg","contentUrl":"https:\/\/www.meridianenglish.com\/wp-content\/uploads\/2024\/06\/Website-logo.svg","caption":"Meridian School of English"},"image":{"@id":"https:\/\/www.meridianenglish.com\/cs\/#\/schema\/logo\/image\/"},"sameAs":["https:\/\/www.facebook.com\/meridianenglishschool","https:\/\/www.instagram.com\/meridianenglish\/"]}]}},"_links":{"self":[{"href":"https:\/\/www.meridianenglish.com\/cs\/wp-json\/wp\/v2\/pages\/19170","targetHints":{"allow":["GET"]}}],"collection":[{"href":"https:\/\/www.meridianenglish.com\/cs\/wp-json\/wp\/v2\/pages"}],"about":[{"href":"https:\/\/www.meridianenglish.com\/cs\/wp-json\/wp\/v2\/types\/page"}],"author":[{"embeddable":true,"href":"https:\/\/www.meridianenglish.com\/cs\/wp-json\/wp\/v2\/users\/1"}],"replies":[{"embeddable":true,"href":"https:\/\/www.meridianenglish.com\/cs\/wp-json\/wp\/v2\/comments?post=19170"}],"version-history":[{"count":4,"href":"https:\/\/www.meridianenglish.com\/cs\/wp-json\/wp\/v2\/pages\/19170\/revisions"}],"predecessor-version":[{"id":19555,"href":"https:\/\/www.meridianenglish.com\/cs\/wp-json\/wp\/v2\/pages\/19170\/revisions\/19555"}],"wp:featuredmedia":[{"embeddable":true,"href":"https:\/\/www.meridianenglish.com\/cs\/wp-json\/wp\/v2\/media\/19489"}],"wp:attachment":[{"href":"https:\/\/www.meridianenglish.com\/cs\/wp-json\/wp\/v2\/media?parent=19170"}],"wp:term":[{"taxonomy":"category","embeddable":true,"href":"https:\/\/www.meridianenglish.com\/cs\/wp-json\/wp\/v2\/categories?post=19170"}],"curies":[{"name":"wp","href":"https:\/\/api.w.org\/{rel}","templated":true}]}}